{"id":107173,"date":"2017-03-23T02:18:57","date_gmt":"2017-03-23T02:18:57","guid":{"rendered":"http:\/\/keramika.holest.com\/slovenija\/product\/pamesa-cuzco-2\/"},"modified":"2026-01-04T00:04:20","modified_gmt":"2026-01-04T00:04:20","slug":"pamesa-cuzco-2","status":"publish","type":"product","link":"https:\/\/www.keramika.com\/slovenija\/pamesa-cuzco-2\/","title":{"rendered":"Pamesa Cuzco"},"content":{"rendered":"<p>Pamesa Cuzco je na voljo po zelo ugodni ceni 42,14 EUR. Pamesa Cuzco je plo\u0161\u010dica proizvajalca Pamesa Ceramica in prihaja iz \u0160panije. 9 mm je debelina, ki zadovolji tudi zahtevnej\u0161e kupce. Velikost te plo\u0161\u010dice je 60&#215;60 cm. Keramika v be\u017e barvi popestri vsak prostor.<\/p>\n<p>Kliknite na ime kolekcije za ogled vseh plo\u0161\u010dic iz te serije: <a class=\"pdfcatal\" href=\"\/\/www.ceramictiles.com\/pdf\/pamesa\/catalogue_pamesa_cuzco.pdf\" onclick=\"recordOutboundLink(this, 'E-mail', 'Description PDF');return false;\">Pamesa Ceramica Cuzco<\/a><\/p>\n<p>\u010ce \u017eelite naro\u010diti model iz pdf kataloga te kolekcije, nam pi\u0161ite na: <a href=\"mailto:keramoteka.salon@gmail.com\" onclick=\"recordOutboundLink(this, 'E-mail', 'Description mail');return false;\">keramoteka.salon@gmail.com<\/a> ali pa nas pokli\u010dite na: +386 31 255 900.<\/p>\n","protected":false},"excerpt":{"rendered":"<p>Pamesa Cuzco je na voljo po zelo ugodni ceni 42,14 EUR. Pamesa Cuzco je plo\u0161\u010dica proizvajalca Pamesa Ceramica in prihaja iz \u0160panije. 9 mm je debelina, ki zadovolji tudi zahtevnej\u0161e kupce. Velikost te plo\u0161\u010dice je 60&#215;60 cm. Keramika v be\u017e barvi popestri vsak prostor. Kliknite na ime kolekcije za ogled vseh plo\u0161\u010dic iz te serije: [&hellip;]<\/p>\n","protected":false},"featured_media":107174,"template":"","meta":[],"product_cat":[200,999107,999],"product_tag":[],"_links":{"self":[{"href":"https:\/\/www.keramika.com\/slovenija\/wp-json\/wp\/v2\/product\/107173"}],"collection":[{"href":"https:\/\/www.keramika.com\/slovenija\/wp-json\/wp\/v2\/product"}],"about":[{"href":"https:\/\/www.keramika.com\/slovenija\/wp-json\/wp\/v2\/types\/product"}],"wp:featuredmedia":[{"embeddable":true,"href":"https:\/\/www.keramika.com\/slovenija\/wp-json\/wp\/v2\/media\/107174"}],"wp:attachment":[{"href":"https:\/\/www.keramika.com\/slovenija\/wp-json\/wp\/v2\/media?parent=107173"}],"wp:term":[{"taxonomy":"product_cat","embeddable":true,"href":"https:\/\/www.keramika.com\/slovenija\/wp-json\/wp\/v2\/product_cat?post=107173"},{"taxonomy":"product_tag","embeddable":true,"href":"https:\/\/www.keramika.com\/slovenija\/wp-json\/wp\/v2\/product_tag?post=107173"}],"curies":[{"name":"wp","href":"https:\/\/api.w.org\/{rel}","templated":true}]}}