{"id":107163,"date":"2017-03-23T02:18:19","date_gmt":"2017-03-23T02:18:19","guid":{"rendered":"http:\/\/keramika.holest.com\/slovenija\/product\/pamesa-spa-arlon-blanco\/"},"modified":"2026-01-04T00:04:19","modified_gmt":"2026-01-04T00:04:19","slug":"pamesa-spa-arlon-blanco","status":"publish","type":"product","link":"https:\/\/www.keramika.com\/slovenija\/pamesa-spa-arlon-blanco\/","title":{"rendered":"Pamesa Spa Arlon Blanco"},"content":{"rendered":"<p>Debelina kar 9 mm dela to plo\u0161\u010dico zelo trpe\u017eno in presti\u017eno na otip. Ta model plo\u0161\u010dice se najbolje prodaja v beli barvi. Velikost te plo\u0161\u010dice je 25&#215;75 cm. Namesto 55,65 EUR kot bi za to plo\u0161\u010dico od\u0161teli v klasi\u010dni trgovini, boste v na\u0161i spletni prodajalni od\u0161teli le 44,52 EUR. Pamesa Spa Arlon Blanco je plo\u0161\u010dica proizvajalca Pamesa Ceramica in prihaja iz \u0160panije.<\/p>\n<p>Kliknite na ime kolekcije za ogled vseh plo\u0161\u010dic iz te serije: <a class=\"pdfcatal\" href=\"\/\/www.ceramictiles.com\/pdf\/pamesa\/catalogue_pamesa_spa_arlon.pdf\" onclick=\"recordOutboundLink(this, 'E-mail', 'Description PDF');return false;\">Pamesa Ceramica Spa Arlon<\/a><\/p>\n<p>\u010ce \u017eelite naro\u010diti model iz pdf kataloga te kolekcije, nam pi\u0161ite na: <a href=\"mailto:keramoteka.salon@gmail.com\" onclick=\"recordOutboundLink(this, 'E-mail', 'Description mail');return false;\">keramoteka.salon@gmail.com<\/a> ali pa nas pokli\u010dite na: +386 31 255 900.<\/p>\n","protected":false},"excerpt":{"rendered":"<p>Debelina kar 9 mm dela to plo\u0161\u010dico zelo trpe\u017eno in presti\u017eno na otip. Ta model plo\u0161\u010dice se najbolje prodaja v beli barvi. Velikost te plo\u0161\u010dice je 25&#215;75 cm. Namesto 55,65 EUR kot bi za to plo\u0161\u010dico od\u0161teli v klasi\u010dni trgovini, boste v na\u0161i spletni prodajalni od\u0161teli le 44,52 EUR. Pamesa Spa Arlon Blanco je plo\u0161\u010dica [&hellip;]<\/p>\n","protected":false},"featured_media":107164,"template":"","meta":[],"product_cat":[200,999107,999],"product_tag":[],"_links":{"self":[{"href":"https:\/\/www.keramika.com\/slovenija\/wp-json\/wp\/v2\/product\/107163"}],"collection":[{"href":"https:\/\/www.keramika.com\/slovenija\/wp-json\/wp\/v2\/product"}],"about":[{"href":"https:\/\/www.keramika.com\/slovenija\/wp-json\/wp\/v2\/types\/product"}],"wp:featuredmedia":[{"embeddable":true,"href":"https:\/\/www.keramika.com\/slovenija\/wp-json\/wp\/v2\/media\/107164"}],"wp:attachment":[{"href":"https:\/\/www.keramika.com\/slovenija\/wp-json\/wp\/v2\/media?parent=107163"}],"wp:term":[{"taxonomy":"product_cat","embeddable":true,"href":"https:\/\/www.keramika.com\/slovenija\/wp-json\/wp\/v2\/product_cat?post=107163"},{"taxonomy":"product_tag","embeddable":true,"href":"https:\/\/www.keramika.com\/slovenija\/wp-json\/wp\/v2\/product_tag?post=107163"}],"curies":[{"name":"wp","href":"https:\/\/api.w.org\/{rel}","templated":true}]}}