{"id":107159,"date":"2017-03-23T02:18:04","date_gmt":"2017-03-23T02:18:04","guid":{"rendered":"http:\/\/keramika.holest.com\/slovenija\/product\/pamesa-nicea-decor-crema\/"},"modified":"2026-01-04T00:04:19","modified_gmt":"2026-01-04T00:04:19","slug":"pamesa-nicea-decor-crema","status":"publish","type":"product","link":"https:\/\/www.keramika.com\/slovenija\/pamesa-nicea-decor-crema\/","title":{"rendered":"Pamesa Nicea Decor Crema"},"content":{"rendered":"<p>9 mm debeline je dovolj tudi za zahtevnej\u0161e kupce. Ta kerami\u010dna plo\u0161\u010dica v \u010dudoviti be\u017e barvi bo obogatila vsak prostor. Pamesa Nicea Decor Crema je na voljo po zelo ugodni ceni 44,52 EUR. Prihaja iz \u0160panije, ki po svetu slovi kot ena bolj\u0161ih proizvajalk kerami\u010dnih plo\u0161\u010dic. Velikost te plo\u0161\u010dice je 25&#215;75 cm.<\/p>\n<p>Kliknite na ime kolekcije za ogled vseh plo\u0161\u010dic iz te serije: <a class=\"pdfcatal\" href=\"\/\/www.ceramictiles.com\/pdf\/pamesa\/catalogue_pamesa_nicea_decor.pdf\" onclick=\"recordOutboundLink(this, 'E-mail', 'Description PDF');return false;\">Pamesa Ceramica Nicea Decor<\/a><\/p>\n<p>\u010ce \u017eelite naro\u010diti model iz pdf kataloga te kolekcije, nam pi\u0161ite na: <a href=\"mailto:keramoteka.salon@gmail.com\" onclick=\"recordOutboundLink(this, 'E-mail', 'Description mail');return false;\">keramoteka.salon@gmail.com<\/a> ali pa nas pokli\u010dite na: +386 31 255 900.<\/p>\n","protected":false},"excerpt":{"rendered":"<p>9 mm debeline je dovolj tudi za zahtevnej\u0161e kupce. Ta kerami\u010dna plo\u0161\u010dica v \u010dudoviti be\u017e barvi bo obogatila vsak prostor. Pamesa Nicea Decor Crema je na voljo po zelo ugodni ceni 44,52 EUR. Prihaja iz \u0160panije, ki po svetu slovi kot ena bolj\u0161ih proizvajalk kerami\u010dnih plo\u0161\u010dic. Velikost te plo\u0161\u010dice je 25&#215;75 cm. Kliknite na ime [&hellip;]<\/p>\n","protected":false},"featured_media":107160,"template":"","meta":[],"product_cat":[200,999107,999],"product_tag":[],"_links":{"self":[{"href":"https:\/\/www.keramika.com\/slovenija\/wp-json\/wp\/v2\/product\/107159"}],"collection":[{"href":"https:\/\/www.keramika.com\/slovenija\/wp-json\/wp\/v2\/product"}],"about":[{"href":"https:\/\/www.keramika.com\/slovenija\/wp-json\/wp\/v2\/types\/product"}],"wp:featuredmedia":[{"embeddable":true,"href":"https:\/\/www.keramika.com\/slovenija\/wp-json\/wp\/v2\/media\/107160"}],"wp:attachment":[{"href":"https:\/\/www.keramika.com\/slovenija\/wp-json\/wp\/v2\/media?parent=107159"}],"wp:term":[{"taxonomy":"product_cat","embeddable":true,"href":"https:\/\/www.keramika.com\/slovenija\/wp-json\/wp\/v2\/product_cat?post=107159"},{"taxonomy":"product_tag","embeddable":true,"href":"https:\/\/www.keramika.com\/slovenija\/wp-json\/wp\/v2\/product_tag?post=107159"}],"curies":[{"name":"wp","href":"https:\/\/api.w.org\/{rel}","templated":true}]}}