{"id":107147,"date":"2017-03-23T02:17:20","date_gmt":"2017-03-23T02:17:20","guid":{"rendered":"http:\/\/keramika.holest.com\/slovenija\/product\/pamesa-epoca-adz-teka\/"},"modified":"2026-01-04T00:04:17","modified_gmt":"2026-01-04T00:04:17","slug":"pamesa-epoca-adz-teka","status":"publish","type":"product","link":"https:\/\/www.keramika.com\/slovenija\/pamesa-epoca-adz-teka\/","title":{"rendered":"Pamesa Epoca Adz Teka"},"content":{"rendered":"<p>Letos so plo\u0161\u010dice v rjavi barvi zelo za\u017eeljene. Ta plo\u0161\u010dica je debela 9 mm in je zelo trpe\u017ena. Pamesa Epoca Adz Teka prihaja iz \u0160panije, ki je znana po zelo kvalitetni keramiki v svetovnem merilu. Pamesa Epoca Adz Teka je na voljo po zelo ugodni ceni 45,72 EUR. Plo\u0161\u010dica na sliki je velika 21,8&#215;89,3 cm.<\/p>\n<p>Kliknite na ime kolekcije za ogled vseh plo\u0161\u010dic iz te serije: <a class=\"pdfcatal\" href=\"\/\/www.ceramictiles.com\/pdf\/pamesa\/catalogue_pamesa_epoca_adz.pdf\" onclick=\"recordOutboundLink(this, 'E-mail', 'Description PDF');return false;\">Pamesa Ceramica Epoca Adz<\/a><\/p>\n<p>\u010ce \u017eelite naro\u010diti model iz pdf kataloga te kolekcije, nam pi\u0161ite na: <a href=\"mailto:keramoteka.salon@gmail.com\" onclick=\"recordOutboundLink(this, 'E-mail', 'Description mail');return false;\">keramoteka.salon@gmail.com<\/a> ali pa nas pokli\u010dite na: +386 31 255 900.<\/p>\n<p>Technical description: 22&#215;85<\/p>\n","protected":false},"excerpt":{"rendered":"<p>Letos so plo\u0161\u010dice v rjavi barvi zelo za\u017eeljene. Ta plo\u0161\u010dica je debela 9 mm in je zelo trpe\u017ena. Pamesa Epoca Adz Teka prihaja iz \u0160panije, ki je znana po zelo kvalitetni keramiki v svetovnem merilu. Pamesa Epoca Adz Teka je na voljo po zelo ugodni ceni 45,72 EUR. Plo\u0161\u010dica na sliki je velika 21,8&#215;89,3 cm. [&hellip;]<\/p>\n","protected":false},"featured_media":107148,"template":"","meta":[],"product_cat":[200,999107,999],"product_tag":[],"_links":{"self":[{"href":"https:\/\/www.keramika.com\/slovenija\/wp-json\/wp\/v2\/product\/107147"}],"collection":[{"href":"https:\/\/www.keramika.com\/slovenija\/wp-json\/wp\/v2\/product"}],"about":[{"href":"https:\/\/www.keramika.com\/slovenija\/wp-json\/wp\/v2\/types\/product"}],"wp:featuredmedia":[{"embeddable":true,"href":"https:\/\/www.keramika.com\/slovenija\/wp-json\/wp\/v2\/media\/107148"}],"wp:attachment":[{"href":"https:\/\/www.keramika.com\/slovenija\/wp-json\/wp\/v2\/media?parent=107147"}],"wp:term":[{"taxonomy":"product_cat","embeddable":true,"href":"https:\/\/www.keramika.com\/slovenija\/wp-json\/wp\/v2\/product_cat?post=107147"},{"taxonomy":"product_tag","embeddable":true,"href":"https:\/\/www.keramika.com\/slovenija\/wp-json\/wp\/v2\/product_tag?post=107147"}],"curies":[{"name":"wp","href":"https:\/\/api.w.org\/{rel}","templated":true}]}}