{"id":107145,"date":"2017-03-23T02:17:14","date_gmt":"2017-03-23T02:17:14","guid":{"rendered":"http:\/\/keramika.holest.com\/slovenija\/product\/pamesa-thule-marfil-2\/"},"modified":"2026-01-04T00:04:17","modified_gmt":"2026-01-04T00:04:17","slug":"pamesa-thule-marfil-2","status":"publish","type":"product","link":"https:\/\/www.keramika.com\/slovenija\/pamesa-thule-marfil-2\/","title":{"rendered":"Pamesa Thule Marfil"},"content":{"rendered":"<p>Pamesa Thule Marfil je pripeljana iz \u0160panije in je zelo kvalitetna. 9 mm debeline je dovolj tudi za zahtevnej\u0161e kupce. Z 60&#215;60 cm je ta plo\u0161\u010dica primerna za razli\u010dne podlage. Redna cena te plo\u0161\u010dice v maloprodaji zna\u0161a 58,65 EUR, v na\u0161i spletni trgovini pa jo lahko dobite \u017ee za 46,92 EUR. Keramika v be\u017e barvi popestri vsak prostor.<\/p>\n<p>Kliknite na ime kolekcije za ogled vseh plo\u0161\u010dic iz te serije: <a class=\"pdfcatal\" href=\"\/\/www.ceramictiles.com\/pdf\/pamesa\/catalogue_pamesa_thule.pdf\" onclick=\"recordOutboundLink(this, 'E-mail', 'Description PDF');return false;\">Pamesa Ceramica Thule<\/a><\/p>\n<p>\u010ce \u017eelite naro\u010diti model iz pdf kataloga te kolekcije, nam pi\u0161ite na: <a href=\"mailto:keramoteka.salon@gmail.com\" onclick=\"recordOutboundLink(this, 'E-mail', 'Description mail');return false;\">keramoteka.salon@gmail.com<\/a> ali pa nas pokli\u010dite na: +386 31 255 900.<\/p>\n<p>Technical description: 89,3&#215;21,8<\/p>\n","protected":false},"excerpt":{"rendered":"<p>Pamesa Thule Marfil je pripeljana iz \u0160panije in je zelo kvalitetna. 9 mm debeline je dovolj tudi za zahtevnej\u0161e kupce. Z 60&#215;60 cm je ta plo\u0161\u010dica primerna za razli\u010dne podlage. Redna cena te plo\u0161\u010dice v maloprodaji zna\u0161a 58,65 EUR, v na\u0161i spletni trgovini pa jo lahko dobite \u017ee za 46,92 EUR. Keramika v be\u017e barvi [&hellip;]<\/p>\n","protected":false},"featured_media":107146,"template":"","meta":[],"product_cat":[200,999107,999],"product_tag":[],"_links":{"self":[{"href":"https:\/\/www.keramika.com\/slovenija\/wp-json\/wp\/v2\/product\/107145"}],"collection":[{"href":"https:\/\/www.keramika.com\/slovenija\/wp-json\/wp\/v2\/product"}],"about":[{"href":"https:\/\/www.keramika.com\/slovenija\/wp-json\/wp\/v2\/types\/product"}],"wp:featuredmedia":[{"embeddable":true,"href":"https:\/\/www.keramika.com\/slovenija\/wp-json\/wp\/v2\/media\/107146"}],"wp:attachment":[{"href":"https:\/\/www.keramika.com\/slovenija\/wp-json\/wp\/v2\/media?parent=107145"}],"wp:term":[{"taxonomy":"product_cat","embeddable":true,"href":"https:\/\/www.keramika.com\/slovenija\/wp-json\/wp\/v2\/product_cat?post=107145"},{"taxonomy":"product_tag","embeddable":true,"href":"https:\/\/www.keramika.com\/slovenija\/wp-json\/wp\/v2\/product_tag?post=107145"}],"curies":[{"name":"wp","href":"https:\/\/api.w.org\/{rel}","templated":true}]}}