{"id":107143,"date":"2017-03-23T02:17:07","date_gmt":"2017-03-23T02:17:07","guid":{"rendered":"http:\/\/keramika.holest.com\/slovenija\/product\/pamesa-style-perla-2\/"},"modified":"2026-01-04T00:04:17","modified_gmt":"2026-01-04T00:04:17","slug":"pamesa-style-perla-2","status":"publish","type":"product","link":"https:\/\/www.keramika.com\/slovenija\/pamesa-style-perla-2\/","title":{"rendered":"Pamesa Style Perla"},"content":{"rendered":"<p>Ta plo\u0161\u010dica je debela 9 mm in je zelo trpe\u017ena. Z 60&#215;60 cm je ta plo\u0161\u010dica primerna za razli\u010dne podlage. Pamesa Style Perla prihaja iz \u0160panije, ki je znana po zelo kvalitetni keramiki v svetovnem merilu. Pamesa Style Perla je na voljo po zelo ugodni ceni 46,92 EUR. Ta kerami\u010dna plo\u0161\u010dica v \u010dudoviti sivi barvi bo obogatila vsak prostor.<\/p>\n<p>Kliknite na ime kolekcije za ogled vseh plo\u0161\u010dic iz te serije: <a class=\"pdfcatal\" href=\"\/\/www.ceramictiles.com\/pdf\/pamesa\/catalogue_pamesa_style.pdf\" onclick=\"recordOutboundLink(this, 'E-mail', 'Description PDF');return false;\">Pamesa Ceramica Style<\/a><\/p>\n<p>\u010ce \u017eelite naro\u010diti model iz pdf kataloga te kolekcije, nam pi\u0161ite na: <a href=\"mailto:keramoteka.salon@gmail.com\" onclick=\"recordOutboundLink(this, 'E-mail', 'Description mail');return false;\">keramoteka.salon@gmail.com<\/a> ali pa nas pokli\u010dite na: +386 31 255 900.<\/p>\n","protected":false},"excerpt":{"rendered":"<p>Ta plo\u0161\u010dica je debela 9 mm in je zelo trpe\u017ena. Z 60&#215;60 cm je ta plo\u0161\u010dica primerna za razli\u010dne podlage. Pamesa Style Perla prihaja iz \u0160panije, ki je znana po zelo kvalitetni keramiki v svetovnem merilu. Pamesa Style Perla je na voljo po zelo ugodni ceni 46,92 EUR. Ta kerami\u010dna plo\u0161\u010dica v \u010dudoviti sivi barvi [&hellip;]<\/p>\n","protected":false},"featured_media":107144,"template":"","meta":[],"product_cat":[200,999107,999],"product_tag":[],"_links":{"self":[{"href":"https:\/\/www.keramika.com\/slovenija\/wp-json\/wp\/v2\/product\/107143"}],"collection":[{"href":"https:\/\/www.keramika.com\/slovenija\/wp-json\/wp\/v2\/product"}],"about":[{"href":"https:\/\/www.keramika.com\/slovenija\/wp-json\/wp\/v2\/types\/product"}],"wp:featuredmedia":[{"embeddable":true,"href":"https:\/\/www.keramika.com\/slovenija\/wp-json\/wp\/v2\/media\/107144"}],"wp:attachment":[{"href":"https:\/\/www.keramika.com\/slovenija\/wp-json\/wp\/v2\/media?parent=107143"}],"wp:term":[{"taxonomy":"product_cat","embeddable":true,"href":"https:\/\/www.keramika.com\/slovenija\/wp-json\/wp\/v2\/product_cat?post=107143"},{"taxonomy":"product_tag","embeddable":true,"href":"https:\/\/www.keramika.com\/slovenija\/wp-json\/wp\/v2\/product_tag?post=107143"}],"curies":[{"name":"wp","href":"https:\/\/api.w.org\/{rel}","templated":true}]}}