{"id":107131,"date":"2017-03-23T02:16:28","date_gmt":"2017-03-23T02:16:28","guid":{"rendered":"http:\/\/keramika.holest.com\/slovenija\/product\/pamesa-tanger-noce\/"},"modified":"2026-01-04T00:04:16","modified_gmt":"2026-01-04T00:04:16","slug":"pamesa-tanger-noce","status":"publish","type":"product","link":"https:\/\/www.keramika.com\/slovenija\/pamesa-tanger-noce\/","title":{"rendered":"Pamesa Tanger Noce"},"content":{"rendered":"<p>Pamesa Tanger Noce je plo\u0161\u010dica proizvajalca Pamesa Ceramica in prihaja iz \u0160panije. Z 60&#215;60 cm je ta plo\u0161\u010dica primerna za razli\u010dne podlage. Letos so plo\u0161\u010dice v be\u017e barvi zelo za\u017eeljene. 9 mm debeline je dovolj tudi za zahtevnej\u0161e kupce. V redni prodaji bi morali za to plo\u0161\u010dico od\u0161teti 64,62 EUR, spletna cena pa zna\u0161a le 51,7 EUR.<\/p>\n<p>Kliknite na ime kolekcije za ogled vseh plo\u0161\u010dic iz te serije: <a class=\"pdfcatal\" href=\"\/\/www.ceramictiles.com\/pdf\/pamesa\/catalogue_pamesa_tanger.pdf\" onclick=\"recordOutboundLink(this, 'E-mail', 'Description PDF');return false;\">Pamesa Ceramica Tanger<\/a><\/p>\n<p>\u010ce \u017eelite naro\u010diti model iz pdf kataloga te kolekcije, nam pi\u0161ite na: <a href=\"mailto:keramoteka.salon@gmail.com\" onclick=\"recordOutboundLink(this, 'E-mail', 'Description mail');return false;\">keramoteka.salon@gmail.com<\/a> ali pa nas pokli\u010dite na: +386 31 255 900.<\/p>\n","protected":false},"excerpt":{"rendered":"<p>Pamesa Tanger Noce je plo\u0161\u010dica proizvajalca Pamesa Ceramica in prihaja iz \u0160panije. Z 60&#215;60 cm je ta plo\u0161\u010dica primerna za razli\u010dne podlage. Letos so plo\u0161\u010dice v be\u017e barvi zelo za\u017eeljene. 9 mm debeline je dovolj tudi za zahtevnej\u0161e kupce. V redni prodaji bi morali za to plo\u0161\u010dico od\u0161teti 64,62 EUR, spletna cena pa zna\u0161a le [&hellip;]<\/p>\n","protected":false},"featured_media":107132,"template":"","meta":[],"product_cat":[200,999107,999],"product_tag":[],"_links":{"self":[{"href":"https:\/\/www.keramika.com\/slovenija\/wp-json\/wp\/v2\/product\/107131"}],"collection":[{"href":"https:\/\/www.keramika.com\/slovenija\/wp-json\/wp\/v2\/product"}],"about":[{"href":"https:\/\/www.keramika.com\/slovenija\/wp-json\/wp\/v2\/types\/product"}],"wp:featuredmedia":[{"embeddable":true,"href":"https:\/\/www.keramika.com\/slovenija\/wp-json\/wp\/v2\/media\/107132"}],"wp:attachment":[{"href":"https:\/\/www.keramika.com\/slovenija\/wp-json\/wp\/v2\/media?parent=107131"}],"wp:term":[{"taxonomy":"product_cat","embeddable":true,"href":"https:\/\/www.keramika.com\/slovenija\/wp-json\/wp\/v2\/product_cat?post=107131"},{"taxonomy":"product_tag","embeddable":true,"href":"https:\/\/www.keramika.com\/slovenija\/wp-json\/wp\/v2\/product_tag?post=107131"}],"curies":[{"name":"wp","href":"https:\/\/api.w.org\/{rel}","templated":true}]}}