{"id":107065,"date":"2017-03-23T02:13:03","date_gmt":"2017-03-23T02:13:03","guid":{"rendered":"http:\/\/keramika.holest.com\/slovenija\/product\/pamesa-helios\/"},"modified":"2026-01-04T00:04:10","modified_gmt":"2026-01-04T00:04:10","slug":"pamesa-helios","status":"publish","type":"product","link":"https:\/\/www.keramika.com\/slovenija\/pamesa-helios\/","title":{"rendered":"Pamesa Helios"},"content":{"rendered":"<p>9 mm debeline je dovolj tudi za zahtevnej\u0161e kupce. Pamesa Helios prihaja iz \u0160panije, ki je znana po zelo kvalitetni keramiki v svetovnem merilu. 103,4 EUR v klasi\u010dni trgovini, pri nas pa le 82,72 EUR. Ta plo\u0161\u010dica je na voljo v \u010dudoviti sivi barvi, \u010de \u017eelite kak\u0161no drugo barvo pa nas kontaktirajte in preverili bomo pri proizvajalcu. Dimenzije te plo\u0161\u010dice so 79,1&#215;79,1 cm.<\/p>\n<p>Kliknite na ime kolekcije za ogled vseh plo\u0161\u010dic iz te serije: <a class=\"pdfcatal\" href=\"\/\/www.ceramictiles.com\/pdf\/pamesa\/catalogue_pamesa_helios_leviglass.pdf\" onclick=\"recordOutboundLink(this, 'E-mail', 'Description PDF');return false;\">Pamesa Ceramica Helios Leviglass<\/a><\/p>\n<p>\u010ce \u017eelite naro\u010diti model iz pdf kataloga te kolekcije, nam pi\u0161ite na: <a href=\"mailto:keramoteka.salon@gmail.com\" onclick=\"recordOutboundLink(this, 'E-mail', 'Description mail');return false;\">keramoteka.salon@gmail.com<\/a> ali pa nas pokli\u010dite na: +386 31 255 900.<\/p>\n<p>Technical description: 75&#215;75<\/p>\n","protected":false},"excerpt":{"rendered":"<p>9 mm debeline je dovolj tudi za zahtevnej\u0161e kupce. Pamesa Helios prihaja iz \u0160panije, ki je znana po zelo kvalitetni keramiki v svetovnem merilu. 103,4 EUR v klasi\u010dni trgovini, pri nas pa le 82,72 EUR. Ta plo\u0161\u010dica je na voljo v \u010dudoviti sivi barvi, \u010de \u017eelite kak\u0161no drugo barvo pa nas kontaktirajte in preverili bomo [&hellip;]<\/p>\n","protected":false},"featured_media":107066,"template":"","meta":[],"product_cat":[200,999107,999],"product_tag":[],"_links":{"self":[{"href":"https:\/\/www.keramika.com\/slovenija\/wp-json\/wp\/v2\/product\/107065"}],"collection":[{"href":"https:\/\/www.keramika.com\/slovenija\/wp-json\/wp\/v2\/product"}],"about":[{"href":"https:\/\/www.keramika.com\/slovenija\/wp-json\/wp\/v2\/types\/product"}],"wp:featuredmedia":[{"embeddable":true,"href":"https:\/\/www.keramika.com\/slovenija\/wp-json\/wp\/v2\/media\/107066"}],"wp:attachment":[{"href":"https:\/\/www.keramika.com\/slovenija\/wp-json\/wp\/v2\/media?parent=107065"}],"wp:term":[{"taxonomy":"product_cat","embeddable":true,"href":"https:\/\/www.keramika.com\/slovenija\/wp-json\/wp\/v2\/product_cat?post=107065"},{"taxonomy":"product_tag","embeddable":true,"href":"https:\/\/www.keramika.com\/slovenija\/wp-json\/wp\/v2\/product_tag?post=107065"}],"curies":[{"name":"wp","href":"https:\/\/api.w.org\/{rel}","templated":true}]}}