{"id":107063,"date":"2017-03-23T02:12:58","date_gmt":"2017-03-23T02:12:58","guid":{"rendered":"http:\/\/keramika.holest.com\/slovenija\/product\/pamesa-enea-natura\/"},"modified":"2026-01-04T00:04:10","modified_gmt":"2026-01-04T00:04:10","slug":"pamesa-enea-natura","status":"publish","type":"product","link":"https:\/\/www.keramika.com\/slovenija\/pamesa-enea-natura\/","title":{"rendered":"Pamesa Enea Natura"},"content":{"rendered":"<p>Ta kerami\u010dna plo\u0161\u010dica v \u010dudoviti be\u017e barvi bo obogatila vsak prostor. Ta plo\u0161\u010dica prihaja iz \u0160panije, ki je znana po kvalitetni keramiki. Plo\u0161\u010dica na sliki je velika 79,1&#215;79,1 cm. V redni prodaji bi morali za to plo\u0161\u010dico od\u0161teti 103,4 EUR, spletna cena pa zna\u0161a le 82,72 EUR. 9 mm je debelina, ki zadovolji tudi zahtevnej\u0161e kupce.<\/p>\n<p>Kliknite na ime kolekcije za ogled vseh plo\u0161\u010dic iz te serije: <a class=\"pdfcatal\" href=\"\/\/www.ceramictiles.com\/pdf\/pamesa\/catalogue_pamesa_enea_luxglass.pdf\" onclick=\"recordOutboundLink(this, 'E-mail', 'Description PDF');return false;\">Pamesa Ceramica Enea Luxglass<\/a><\/p>\n<p>\u010ce \u017eelite naro\u010diti model iz pdf kataloga te kolekcije, nam pi\u0161ite na: <a href=\"mailto:keramoteka.salon@gmail.com\" onclick=\"recordOutboundLink(this, 'E-mail', 'Description mail');return false;\">keramoteka.salon@gmail.com<\/a> ali pa nas pokli\u010dite na: +386 31 255 900.<\/p>\n<p>Technical description: 75&#215;75<\/p>\n","protected":false},"excerpt":{"rendered":"<p>Ta kerami\u010dna plo\u0161\u010dica v \u010dudoviti be\u017e barvi bo obogatila vsak prostor. Ta plo\u0161\u010dica prihaja iz \u0160panije, ki je znana po kvalitetni keramiki. Plo\u0161\u010dica na sliki je velika 79,1&#215;79,1 cm. V redni prodaji bi morali za to plo\u0161\u010dico od\u0161teti 103,4 EUR, spletna cena pa zna\u0161a le 82,72 EUR. 9 mm je debelina, ki zadovolji tudi zahtevnej\u0161e [&hellip;]<\/p>\n","protected":false},"featured_media":107064,"template":"","meta":[],"product_cat":[200,999107,999],"product_tag":[],"_links":{"self":[{"href":"https:\/\/www.keramika.com\/slovenija\/wp-json\/wp\/v2\/product\/107063"}],"collection":[{"href":"https:\/\/www.keramika.com\/slovenija\/wp-json\/wp\/v2\/product"}],"about":[{"href":"https:\/\/www.keramika.com\/slovenija\/wp-json\/wp\/v2\/types\/product"}],"wp:featuredmedia":[{"embeddable":true,"href":"https:\/\/www.keramika.com\/slovenija\/wp-json\/wp\/v2\/media\/107064"}],"wp:attachment":[{"href":"https:\/\/www.keramika.com\/slovenija\/wp-json\/wp\/v2\/media?parent=107063"}],"wp:term":[{"taxonomy":"product_cat","embeddable":true,"href":"https:\/\/www.keramika.com\/slovenija\/wp-json\/wp\/v2\/product_cat?post=107063"},{"taxonomy":"product_tag","embeddable":true,"href":"https:\/\/www.keramika.com\/slovenija\/wp-json\/wp\/v2\/product_tag?post=107063"}],"curies":[{"name":"wp","href":"https:\/\/api.w.org\/{rel}","templated":true}]}}