{"id":107061,"date":"2017-03-23T02:12:53","date_gmt":"2017-03-23T02:12:53","guid":{"rendered":"http:\/\/keramika.holest.com\/slovenija\/product\/pamesa-coba-mocha\/"},"modified":"2026-01-04T00:04:09","modified_gmt":"2026-01-04T00:04:09","slug":"pamesa-coba-mocha","status":"publish","type":"product","link":"https:\/\/www.keramika.com\/slovenija\/pamesa-coba-mocha\/","title":{"rendered":"Pamesa Coba Mocha"},"content":{"rendered":"<p>Plo\u0161\u010dica je debela kar 9 mm, kar jo uvr\u0161\u010da med bolj trde plo\u0161\u010dice. Z 79,1&#215;79,1 cm je ta plo\u0161\u010dica primerna za razli\u010dne podlage. To plo\u0161\u010dico je izdelal proizvajalec Pamesa Ceramica, ki prihaja iz \u0160panije. 103,4 EUR v klasi\u010dni trgovini, pri nas pa le 82,72 EUR. Pri izbiri plo\u0161\u010dice v rjavi barvi ne morete zgre\u0161iti.<\/p>\n<p>Kliknite na ime kolekcije za ogled vseh plo\u0161\u010dic iz te serije: <a class=\"pdfcatal\" href=\"\/\/www.ceramictiles.com\/pdf\/pamesa\/catalogue_pamesa_coba_leviglass.pdf\" onclick=\"recordOutboundLink(this, 'E-mail', 'Description PDF');return false;\">Pamesa Ceramica Coba Leviglass<\/a><\/p>\n<p>\u010ce \u017eelite naro\u010diti model iz pdf kataloga te kolekcije, nam pi\u0161ite na: <a href=\"mailto:keramoteka.salon@gmail.com\" onclick=\"recordOutboundLink(this, 'E-mail', 'Description mail');return false;\">keramoteka.salon@gmail.com<\/a> ali pa nas pokli\u010dite na: +386 31 255 900.<\/p>\n<p>Technical description: 75&#215;75<\/p>\n","protected":false},"excerpt":{"rendered":"<p>Plo\u0161\u010dica je debela kar 9 mm, kar jo uvr\u0161\u010da med bolj trde plo\u0161\u010dice. Z 79,1&#215;79,1 cm je ta plo\u0161\u010dica primerna za razli\u010dne podlage. To plo\u0161\u010dico je izdelal proizvajalec Pamesa Ceramica, ki prihaja iz \u0160panije. 103,4 EUR v klasi\u010dni trgovini, pri nas pa le 82,72 EUR. Pri izbiri plo\u0161\u010dice v rjavi barvi ne morete zgre\u0161iti. Kliknite [&hellip;]<\/p>\n","protected":false},"featured_media":107062,"template":"","meta":[],"product_cat":[200,999107,999],"product_tag":[],"_links":{"self":[{"href":"https:\/\/www.keramika.com\/slovenija\/wp-json\/wp\/v2\/product\/107061"}],"collection":[{"href":"https:\/\/www.keramika.com\/slovenija\/wp-json\/wp\/v2\/product"}],"about":[{"href":"https:\/\/www.keramika.com\/slovenija\/wp-json\/wp\/v2\/types\/product"}],"wp:featuredmedia":[{"embeddable":true,"href":"https:\/\/www.keramika.com\/slovenija\/wp-json\/wp\/v2\/media\/107062"}],"wp:attachment":[{"href":"https:\/\/www.keramika.com\/slovenija\/wp-json\/wp\/v2\/media?parent=107061"}],"wp:term":[{"taxonomy":"product_cat","embeddable":true,"href":"https:\/\/www.keramika.com\/slovenija\/wp-json\/wp\/v2\/product_cat?post=107061"},{"taxonomy":"product_tag","embeddable":true,"href":"https:\/\/www.keramika.com\/slovenija\/wp-json\/wp\/v2\/product_tag?post=107061"}],"curies":[{"name":"wp","href":"https:\/\/api.w.org\/{rel}","templated":true}]}}