{"id":107045,"date":"2017-03-23T02:12:12","date_gmt":"2017-03-23T02:12:12","guid":{"rendered":"http:\/\/keramika.holest.com\/slovenija\/product\/monopole-vintage-grey\/"},"modified":"2026-01-04T00:04:08","modified_gmt":"2026-01-04T00:04:08","slug":"monopole-vintage-grey","status":"publish","type":"product","link":"https:\/\/www.keramika.com\/slovenija\/monopole-vintage-grey\/","title":{"rendered":"Monopole Vintage Grey"},"content":{"rendered":"<p>Namesto 35,65 EUR kot bi za to plo\u0161\u010dico od\u0161teli v klasi\u010dni trgovini, boste v na\u0161i spletni prodajalni od\u0161teli le 28,52 EUR. Ta plo\u0161\u010dica je na voljo v \u010dudoviti sivi barvi, \u010de \u017eelite kak\u0161no drugo barvo pa nas kontaktirajte in preverili bomo pri proizvajalcu. 8,5 mm je debelina, ki zadovolji tudi zahtevnej\u0161e kupce. Prihaja iz \u0160panije, ki po svetu slovi kot ena bolj\u0161ih proizvajalk kerami\u010dnih plo\u0161\u010dic. Z velikostjo 10&#215;30 cm je ta plo\u0161\u010dica primerna ze razli\u010dne povr\u0161ine.<\/p>\n<p>Kliknite na ime kolekcije za ogled vseh plo\u0161\u010dic iz te serije: <a class=\"pdfcatal\" href=\"\/\/www.ceramictiles.com\/pdf\/monopole\/catalogue_monopole_vintage.pdf\" onclick=\"recordOutboundLink(this, 'E-mail', 'Description PDF');return false;\">Monopole Vintage<\/a><\/p>\n<p>\u010ce \u017eelite naro\u010diti model iz pdf kataloga te kolekcije, nam pi\u0161ite na: <a href=\"mailto:keramoteka.salon@gmail.com\" onclick=\"recordOutboundLink(this, 'E-mail', 'Description mail');return false;\">keramoteka.salon@gmail.com<\/a> ali pa nas pokli\u010dite na: +386 31 255 900.<\/p>\n<p>Technical description: 7,5&#215;28<\/p>\n","protected":false},"excerpt":{"rendered":"<p>Namesto 35,65 EUR kot bi za to plo\u0161\u010dico od\u0161teli v klasi\u010dni trgovini, boste v na\u0161i spletni prodajalni od\u0161teli le 28,52 EUR. Ta plo\u0161\u010dica je na voljo v \u010dudoviti sivi barvi, \u010de \u017eelite kak\u0161no drugo barvo pa nas kontaktirajte in preverili bomo pri proizvajalcu. 8,5 mm je debelina, ki zadovolji tudi zahtevnej\u0161e kupce. Prihaja iz \u0160panije, [&hellip;]<\/p>\n","protected":false},"featured_media":107046,"template":"","meta":[],"product_cat":[200,220,99921434,999],"product_tag":[],"_links":{"self":[{"href":"https:\/\/www.keramika.com\/slovenija\/wp-json\/wp\/v2\/product\/107045"}],"collection":[{"href":"https:\/\/www.keramika.com\/slovenija\/wp-json\/wp\/v2\/product"}],"about":[{"href":"https:\/\/www.keramika.com\/slovenija\/wp-json\/wp\/v2\/types\/product"}],"wp:featuredmedia":[{"embeddable":true,"href":"https:\/\/www.keramika.com\/slovenija\/wp-json\/wp\/v2\/media\/107046"}],"wp:attachment":[{"href":"https:\/\/www.keramika.com\/slovenija\/wp-json\/wp\/v2\/media?parent=107045"}],"wp:term":[{"taxonomy":"product_cat","embeddable":true,"href":"https:\/\/www.keramika.com\/slovenija\/wp-json\/wp\/v2\/product_cat?post=107045"},{"taxonomy":"product_tag","embeddable":true,"href":"https:\/\/www.keramika.com\/slovenija\/wp-json\/wp\/v2\/product_tag?post=107045"}],"curies":[{"name":"wp","href":"https:\/\/api.w.org\/{rel}","templated":true}]}}