{"id":107043,"date":"2017-03-23T02:12:07","date_gmt":"2017-03-23T02:12:07","guid":{"rendered":"http:\/\/keramika.holest.com\/slovenija\/product\/monopole-village-beige\/"},"modified":"2026-01-04T00:04:07","modified_gmt":"2026-01-04T00:04:07","slug":"monopole-village-beige","status":"publish","type":"product","link":"https:\/\/www.keramika.com\/slovenija\/monopole-village-beige\/","title":{"rendered":"Monopole Village Beige"},"content":{"rendered":"<p>Pri izbiri plo\u0161\u010dice v be\u017e barvi ne morete zgre\u0161iti. Ta plo\u0161\u010dica je debela 8 mm in je zelo trpe\u017ena. V redni prodaji bi morali za to plo\u0161\u010dico od\u0161teti 32,35 EUR, spletna cena pa zna\u0161a le 25,88 EUR. Z 10&#215;20 cm je ta plo\u0161\u010dica primerna za razli\u010dne podlage. Ta plo\u0161\u010dica prihaja iz \u0160panije, ki je znana po kvalitetni keramiki.<\/p>\n<p>Kliknite na ime kolekcije za ogled vseh plo\u0161\u010dic iz te serije: <a class=\"pdfcatal\" href=\"\/\/www.ceramictiles.com\/pdf\/monopole\/catalogue_monopole_village.pdf\" onclick=\"recordOutboundLink(this, 'E-mail', 'Description PDF');return false;\">Monopole Village<\/a><\/p>\n<p>\u010ce \u017eelite naro\u010diti model iz pdf kataloga te kolekcije, nam pi\u0161ite na: <a href=\"mailto:keramoteka.salon@gmail.com\" onclick=\"recordOutboundLink(this, 'E-mail', 'Description mail');return false;\">keramoteka.salon@gmail.com<\/a> ali pa nas pokli\u010dite na: +386 31 255 900.<\/p>\n","protected":false},"excerpt":{"rendered":"<p>Pri izbiri plo\u0161\u010dice v be\u017e barvi ne morete zgre\u0161iti. Ta plo\u0161\u010dica je debela 8 mm in je zelo trpe\u017ena. V redni prodaji bi morali za to plo\u0161\u010dico od\u0161teti 32,35 EUR, spletna cena pa zna\u0161a le 25,88 EUR. Z 10&#215;20 cm je ta plo\u0161\u010dica primerna za razli\u010dne podlage. Ta plo\u0161\u010dica prihaja iz \u0160panije, ki je znana [&hellip;]<\/p>\n","protected":false},"featured_media":107044,"template":"","meta":[],"product_cat":[200,220,99921434,999],"product_tag":[],"_links":{"self":[{"href":"https:\/\/www.keramika.com\/slovenija\/wp-json\/wp\/v2\/product\/107043"}],"collection":[{"href":"https:\/\/www.keramika.com\/slovenija\/wp-json\/wp\/v2\/product"}],"about":[{"href":"https:\/\/www.keramika.com\/slovenija\/wp-json\/wp\/v2\/types\/product"}],"wp:featuredmedia":[{"embeddable":true,"href":"https:\/\/www.keramika.com\/slovenija\/wp-json\/wp\/v2\/media\/107044"}],"wp:attachment":[{"href":"https:\/\/www.keramika.com\/slovenija\/wp-json\/wp\/v2\/media?parent=107043"}],"wp:term":[{"taxonomy":"product_cat","embeddable":true,"href":"https:\/\/www.keramika.com\/slovenija\/wp-json\/wp\/v2\/product_cat?post=107043"},{"taxonomy":"product_tag","embeddable":true,"href":"https:\/\/www.keramika.com\/slovenija\/wp-json\/wp\/v2\/product_tag?post=107043"}],"curies":[{"name":"wp","href":"https:\/\/api.w.org\/{rel}","templated":true}]}}