{"id":107037,"date":"2017-03-23T02:11:50","date_gmt":"2017-03-23T02:11:50","guid":{"rendered":"http:\/\/keramika.holest.com\/slovenija\/product\/monopole-tutti-frutti-white\/"},"modified":"2026-01-04T00:04:07","modified_gmt":"2026-01-04T00:04:07","slug":"monopole-tutti-frutti-white","status":"publish","type":"product","link":"https:\/\/www.keramika.com\/slovenija\/monopole-tutti-frutti-white\/","title":{"rendered":"Monopole Tutti Frutti White"},"content":{"rendered":"<p>Zaradi ni\u017ejih stro\u0161kov pri spletni prodaji boste na na\u0161i strani za to plo\u0161\u010dico od\u0161teli le 22,44 EUR. Debelina kar 8,5 mm dela to plo\u0161\u010dico zelo trpe\u017eno in presti\u017eno na otip. Velikost te plo\u0161\u010dice je 10&#215;30 cm. Pri izbiri plo\u0161\u010dice v beli barvi ne morete zgre\u0161iti. Monopole Blanco Brillo Bisel je plo\u0161\u010dica proizvajalca Monopole in prihaja iz \u0160panije.<\/p>\n<p>Kliknite na ime kolekcije za ogled vseh plo\u0161\u010dic iz te serije: <a class=\"pdfcatal\" href=\"\/\/www.ceramictiles.com\/pdf\/monopole\/catalogue_monopole_tutti_frutti.pdf\" onclick=\"recordOutboundLink(this, 'E-mail', 'Description PDF');return false;\">Monopole Tutti Frutti<\/a><\/p>\n<p>\u010ce \u017eelite naro\u010diti model iz pdf kataloga te kolekcije, nam pi\u0161ite na: <a href=\"mailto:keramoteka.salon@gmail.com\" onclick=\"recordOutboundLink(this, 'E-mail', 'Description mail');return false;\">keramoteka.salon@gmail.com<\/a> ali pa nas pokli\u010dite na: +386 31 255 900.<\/p>\n","protected":false},"excerpt":{"rendered":"<p>Zaradi ni\u017ejih stro\u0161kov pri spletni prodaji boste na na\u0161i strani za to plo\u0161\u010dico od\u0161teli le 22,44 EUR. Debelina kar 8,5 mm dela to plo\u0161\u010dico zelo trpe\u017eno in presti\u017eno na otip. Velikost te plo\u0161\u010dice je 10&#215;30 cm. Pri izbiri plo\u0161\u010dice v beli barvi ne morete zgre\u0161iti. Monopole Blanco Brillo Bisel je plo\u0161\u010dica proizvajalca Monopole in prihaja [&hellip;]<\/p>\n","protected":false},"featured_media":107038,"template":"","meta":[],"product_cat":[200,220,99921434,999],"product_tag":[99921973],"_links":{"self":[{"href":"https:\/\/www.keramika.com\/slovenija\/wp-json\/wp\/v2\/product\/107037"}],"collection":[{"href":"https:\/\/www.keramika.com\/slovenija\/wp-json\/wp\/v2\/product"}],"about":[{"href":"https:\/\/www.keramika.com\/slovenija\/wp-json\/wp\/v2\/types\/product"}],"wp:featuredmedia":[{"embeddable":true,"href":"https:\/\/www.keramika.com\/slovenija\/wp-json\/wp\/v2\/media\/107038"}],"wp:attachment":[{"href":"https:\/\/www.keramika.com\/slovenija\/wp-json\/wp\/v2\/media?parent=107037"}],"wp:term":[{"taxonomy":"product_cat","embeddable":true,"href":"https:\/\/www.keramika.com\/slovenija\/wp-json\/wp\/v2\/product_cat?post=107037"},{"taxonomy":"product_tag","embeddable":true,"href":"https:\/\/www.keramika.com\/slovenija\/wp-json\/wp\/v2\/product_tag?post=107037"}],"curies":[{"name":"wp","href":"https:\/\/api.w.org\/{rel}","templated":true}]}}