{"id":107021,"date":"2017-03-23T02:10:55","date_gmt":"2017-03-23T02:10:55","guid":{"rendered":"http:\/\/keramika.holest.com\/slovenija\/product\/monopole-praga-beige\/"},"modified":"2026-01-04T00:04:05","modified_gmt":"2026-01-04T00:04:05","slug":"monopole-praga-beige","status":"publish","type":"product","link":"https:\/\/www.keramika.com\/slovenija\/monopole-praga-beige\/","title":{"rendered":"Monopole Praga Beige"},"content":{"rendered":"<p>8,5 mm debeline je dovolj tudi za zahtevnej\u0161e kupce. Ta model plo\u0161\u010dice se najbolje prodaja v be\u017e barvi. Velikost te plo\u0161\u010dice je 10&#215;40 cm in je primerna za razli\u010dne povr\u0161ine. Prihaja iz \u0160panije, ki po svetu slovi kot ena bolj\u0161ih proizvajalk kerami\u010dnih plo\u0161\u010dic. Na spletu boste za to plo\u0161\u010dico od\u0161teli le 25,08 EUR, medtem ko v redni prodaji cena zna\u0161a 31,35 EUR.<\/p>\n<p>Kliknite na ime kolekcije za ogled vseh plo\u0161\u010dic iz te serije: <a class=\"pdfcatal\" href=\"\/\/www.ceramictiles.com\/pdf\/monopole\/catalogue_monopole_praga.pdf\" onclick=\"recordOutboundLink(this, 'E-mail', 'Description PDF');return false;\">Monopole Praga<\/a><\/p>\n<p>\u010ce \u017eelite naro\u010diti model iz pdf kataloga te kolekcije, nam pi\u0161ite na: <a href=\"mailto:keramoteka.salon@gmail.com\" onclick=\"recordOutboundLink(this, 'E-mail', 'Description mail');return false;\">keramoteka.salon@gmail.com<\/a> ali pa nas pokli\u010dite na: +386 31 255 900.<\/p>\n","protected":false},"excerpt":{"rendered":"<p>8,5 mm debeline je dovolj tudi za zahtevnej\u0161e kupce. Ta model plo\u0161\u010dice se najbolje prodaja v be\u017e barvi. Velikost te plo\u0161\u010dice je 10&#215;40 cm in je primerna za razli\u010dne povr\u0161ine. Prihaja iz \u0160panije, ki po svetu slovi kot ena bolj\u0161ih proizvajalk kerami\u010dnih plo\u0161\u010dic. Na spletu boste za to plo\u0161\u010dico od\u0161teli le 25,08 EUR, medtem ko [&hellip;]<\/p>\n","protected":false},"featured_media":107022,"template":"","meta":[],"product_cat":[200,220,99921434,999],"product_tag":[],"_links":{"self":[{"href":"https:\/\/www.keramika.com\/slovenija\/wp-json\/wp\/v2\/product\/107021"}],"collection":[{"href":"https:\/\/www.keramika.com\/slovenija\/wp-json\/wp\/v2\/product"}],"about":[{"href":"https:\/\/www.keramika.com\/slovenija\/wp-json\/wp\/v2\/types\/product"}],"wp:featuredmedia":[{"embeddable":true,"href":"https:\/\/www.keramika.com\/slovenija\/wp-json\/wp\/v2\/media\/107022"}],"wp:attachment":[{"href":"https:\/\/www.keramika.com\/slovenija\/wp-json\/wp\/v2\/media?parent=107021"}],"wp:term":[{"taxonomy":"product_cat","embeddable":true,"href":"https:\/\/www.keramika.com\/slovenija\/wp-json\/wp\/v2\/product_cat?post=107021"},{"taxonomy":"product_tag","embeddable":true,"href":"https:\/\/www.keramika.com\/slovenija\/wp-json\/wp\/v2\/product_tag?post=107021"}],"curies":[{"name":"wp","href":"https:\/\/api.w.org\/{rel}","templated":true}]}}