{"id":107009,"date":"2017-03-23T02:10:16","date_gmt":"2017-03-23T02:10:16","guid":{"rendered":"http:\/\/keramika.holest.com\/slovenija\/product\/monopole-naranjas-white\/"},"modified":"2026-01-04T00:04:04","modified_gmt":"2026-01-04T00:04:04","slug":"monopole-naranjas-white","status":"publish","type":"product","link":"https:\/\/www.keramika.com\/slovenija\/monopole-naranjas-white\/","title":{"rendered":"Monopole Naranjas White"},"content":{"rendered":"<p>\u0160irina in dol\u017eina te plo\u0161\u010dice sta 10&#215;40 cm. Ta plo\u0161\u010dica je debela 8,5 mm in je zelo trpe\u017ena. Pri izbiri plo\u0161\u010dice v beli barvi ne morete zgre\u0161iti. To plo\u0161\u010dico je izdelal proizvajalec Monopole, ki prihaja iz \u0160panije. Monopole Laguna Blanco Brillo Bisel je na voljo po zelo ugodni ceni 27,72 EUR.<\/p>\n<p>Kliknite na ime kolekcije za ogled vseh plo\u0161\u010dic iz te serije: <a class=\"pdfcatal\" href=\"\/\/www.ceramictiles.com\/pdf\/monopole\/catalogue_monopole_naranjas.pdf\" onclick=\"recordOutboundLink(this, 'E-mail', 'Description PDF');return false;\">Monopole Naranjas<\/a><\/p>\n<p>\u010ce \u017eelite naro\u010diti model iz pdf kataloga te kolekcije, nam pi\u0161ite na: <a href=\"mailto:keramoteka.salon@gmail.com\" onclick=\"recordOutboundLink(this, 'E-mail', 'Description mail');return false;\">keramoteka.salon@gmail.com<\/a> ali pa nas pokli\u010dite na: +386 31 255 900.<\/p>\n","protected":false},"excerpt":{"rendered":"<p>\u0160irina in dol\u017eina te plo\u0161\u010dice sta 10&#215;40 cm. Ta plo\u0161\u010dica je debela 8,5 mm in je zelo trpe\u017ena. Pri izbiri plo\u0161\u010dice v beli barvi ne morete zgre\u0161iti. To plo\u0161\u010dico je izdelal proizvajalec Monopole, ki prihaja iz \u0160panije. Monopole Laguna Blanco Brillo Bisel je na voljo po zelo ugodni ceni 27,72 EUR. Kliknite na ime kolekcije [&hellip;]<\/p>\n","protected":false},"featured_media":107010,"template":"","meta":[],"product_cat":[200,220,99921434,999],"product_tag":[99921973],"_links":{"self":[{"href":"https:\/\/www.keramika.com\/slovenija\/wp-json\/wp\/v2\/product\/107009"}],"collection":[{"href":"https:\/\/www.keramika.com\/slovenija\/wp-json\/wp\/v2\/product"}],"about":[{"href":"https:\/\/www.keramika.com\/slovenija\/wp-json\/wp\/v2\/types\/product"}],"wp:featuredmedia":[{"embeddable":true,"href":"https:\/\/www.keramika.com\/slovenija\/wp-json\/wp\/v2\/media\/107010"}],"wp:attachment":[{"href":"https:\/\/www.keramika.com\/slovenija\/wp-json\/wp\/v2\/media?parent=107009"}],"wp:term":[{"taxonomy":"product_cat","embeddable":true,"href":"https:\/\/www.keramika.com\/slovenija\/wp-json\/wp\/v2\/product_cat?post=107009"},{"taxonomy":"product_tag","embeddable":true,"href":"https:\/\/www.keramika.com\/slovenija\/wp-json\/wp\/v2\/product_tag?post=107009"}],"curies":[{"name":"wp","href":"https:\/\/api.w.org\/{rel}","templated":true}]}}