{"id":107007,"date":"2017-03-23T02:10:10","date_gmt":"2017-03-23T02:10:10","guid":{"rendered":"http:\/\/keramika.holest.com\/slovenija\/product\/monopole-murano-white\/"},"modified":"2026-01-04T00:04:04","modified_gmt":"2026-01-04T00:04:04","slug":"monopole-murano-white","status":"publish","type":"product","link":"https:\/\/www.keramika.com\/slovenija\/monopole-murano-white\/","title":{"rendered":"Monopole Murano White"},"content":{"rendered":"<p>Ta plo\u0161\u010dica je debela 8 mm in je zelo trpe\u017ena. To plo\u0161\u010dico je izdelal proizvajalec Monopole, ki prihaja iz \u0160panije. Zaradi ni\u017ejih stro\u0161kov pri spletni prodaji boste na na\u0161i strani za to plo\u0161\u010dico od\u0161teli le 33,26 EUR. Velikost te plo\u0161\u010dice je 20&#215;25 cm in je primerna za razli\u010dne povr\u0161ine. Ta model plo\u0161\u010dice se najbolje prodaja v beli barvi.<\/p>\n<p>Kliknite na ime kolekcije za ogled vseh plo\u0161\u010dic iz te serije: <a class=\"pdfcatal\" href=\"\/\/www.ceramictiles.com\/pdf\/monopole\/catalogue_monopole_murano.pdf\" onclick=\"recordOutboundLink(this, 'E-mail', 'Description PDF');return false;\">Monopole Murano<\/a><\/p>\n<p>\u010ce \u017eelite naro\u010diti model iz pdf kataloga te kolekcije, nam pi\u0161ite na: <a href=\"mailto:keramoteka.salon@gmail.com\" onclick=\"recordOutboundLink(this, 'E-mail', 'Description mail');return false;\">keramoteka.salon@gmail.com<\/a> ali pa nas pokli\u010dite na: +386 31 255 900.<\/p>\n<p>Technical description: 6&#215;25<\/p>\n","protected":false},"excerpt":{"rendered":"<p>Ta plo\u0161\u010dica je debela 8 mm in je zelo trpe\u017ena. To plo\u0161\u010dico je izdelal proizvajalec Monopole, ki prihaja iz \u0160panije. Zaradi ni\u017ejih stro\u0161kov pri spletni prodaji boste na na\u0161i strani za to plo\u0161\u010dico od\u0161teli le 33,26 EUR. Velikost te plo\u0161\u010dice je 20&#215;25 cm in je primerna za razli\u010dne povr\u0161ine. Ta model plo\u0161\u010dice se najbolje prodaja [&hellip;]<\/p>\n","protected":false},"featured_media":107008,"template":"","meta":[],"product_cat":[200,220,99921434,999],"product_tag":[99921973],"_links":{"self":[{"href":"https:\/\/www.keramika.com\/slovenija\/wp-json\/wp\/v2\/product\/107007"}],"collection":[{"href":"https:\/\/www.keramika.com\/slovenija\/wp-json\/wp\/v2\/product"}],"about":[{"href":"https:\/\/www.keramika.com\/slovenija\/wp-json\/wp\/v2\/types\/product"}],"wp:featuredmedia":[{"embeddable":true,"href":"https:\/\/www.keramika.com\/slovenija\/wp-json\/wp\/v2\/media\/107008"}],"wp:attachment":[{"href":"https:\/\/www.keramika.com\/slovenija\/wp-json\/wp\/v2\/media?parent=107007"}],"wp:term":[{"taxonomy":"product_cat","embeddable":true,"href":"https:\/\/www.keramika.com\/slovenija\/wp-json\/wp\/v2\/product_cat?post=107007"},{"taxonomy":"product_tag","embeddable":true,"href":"https:\/\/www.keramika.com\/slovenija\/wp-json\/wp\/v2\/product_tag?post=107007"}],"curies":[{"name":"wp","href":"https:\/\/api.w.org\/{rel}","templated":true}]}}