{"id":107005,"date":"2017-03-23T02:10:03","date_gmt":"2017-03-23T02:10:03","guid":{"rendered":"http:\/\/keramika.holest.com\/slovenija\/product\/monopole-muralla-white\/"},"modified":"2026-01-04T00:04:04","modified_gmt":"2026-01-04T00:04:04","slug":"monopole-muralla-white","status":"publish","type":"product","link":"https:\/\/www.keramika.com\/slovenija\/monopole-muralla-white\/","title":{"rendered":"Monopole Muralla White"},"content":{"rendered":"<p>Debelina plo\u0161\u010dice je zelo pomembna in 8,5 mm uvr\u0161\u010da to plo\u0161\u010dico med najkvalitetnej\u0161e. Velikost te plo\u0161\u010dice je 10&#215;30 cm in je primerna za razli\u010dne povr\u0161ine. Prihaja iz \u0160panije, ki po svetu slovi kot ena bolj\u0161ih proizvajalk kerami\u010dnih plo\u0161\u010dic. Monopole Muralla Blanco je na voljo po zelo ugodni ceni 28,52 EUR. Zelo moderna plo\u0161\u010dica v beli barvi popestri prav vsak prostor.<\/p>\n<p>Kliknite na ime kolekcije za ogled vseh plo\u0161\u010dic iz te serije: <a class=\"pdfcatal\" href=\"\/\/www.ceramictiles.com\/pdf\/monopole\/catalogue_monopole_muralla.pdf\" onclick=\"recordOutboundLink(this, 'E-mail', 'Description PDF');return false;\">Monopole Muralla<\/a><\/p>\n<p>\u010ce \u017eelite naro\u010diti model iz pdf kataloga te kolekcije, nam pi\u0161ite na: <a href=\"mailto:keramoteka.salon@gmail.com\" onclick=\"recordOutboundLink(this, 'E-mail', 'Description mail');return false;\">keramoteka.salon@gmail.com<\/a> ali pa nas pokli\u010dite na: +386 31 255 900.<\/p>\n<p>Technical description: 7,5&#215;28<\/p>\n","protected":false},"excerpt":{"rendered":"<p>Debelina plo\u0161\u010dice je zelo pomembna in 8,5 mm uvr\u0161\u010da to plo\u0161\u010dico med najkvalitetnej\u0161e. Velikost te plo\u0161\u010dice je 10&#215;30 cm in je primerna za razli\u010dne povr\u0161ine. Prihaja iz \u0160panije, ki po svetu slovi kot ena bolj\u0161ih proizvajalk kerami\u010dnih plo\u0161\u010dic. Monopole Muralla Blanco je na voljo po zelo ugodni ceni 28,52 EUR. Zelo moderna plo\u0161\u010dica v beli [&hellip;]<\/p>\n","protected":false},"featured_media":107006,"template":"","meta":[],"product_cat":[200,220,99921434,999],"product_tag":[99921973],"_links":{"self":[{"href":"https:\/\/www.keramika.com\/slovenija\/wp-json\/wp\/v2\/product\/107005"}],"collection":[{"href":"https:\/\/www.keramika.com\/slovenija\/wp-json\/wp\/v2\/product"}],"about":[{"href":"https:\/\/www.keramika.com\/slovenija\/wp-json\/wp\/v2\/types\/product"}],"wp:featuredmedia":[{"embeddable":true,"href":"https:\/\/www.keramika.com\/slovenija\/wp-json\/wp\/v2\/media\/107006"}],"wp:attachment":[{"href":"https:\/\/www.keramika.com\/slovenija\/wp-json\/wp\/v2\/media?parent=107005"}],"wp:term":[{"taxonomy":"product_cat","embeddable":true,"href":"https:\/\/www.keramika.com\/slovenija\/wp-json\/wp\/v2\/product_cat?post=107005"},{"taxonomy":"product_tag","embeddable":true,"href":"https:\/\/www.keramika.com\/slovenija\/wp-json\/wp\/v2\/product_tag?post=107005"}],"curies":[{"name":"wp","href":"https:\/\/api.w.org\/{rel}","templated":true}]}}