{"id":107001,"date":"2017-03-23T02:09:48","date_gmt":"2017-03-23T02:09:48","guid":{"rendered":"http:\/\/keramika.holest.com\/slovenija\/product\/monopole-monocolor-beige\/"},"modified":"2026-01-04T00:04:04","modified_gmt":"2026-01-04T00:04:04","slug":"monopole-monocolor-beige","status":"publish","type":"product","link":"https:\/\/www.keramika.com\/slovenija\/monopole-monocolor-beige\/","title":{"rendered":"Monopole Monocolor Beige"},"content":{"rendered":"<p>V redni prodaji bi morali za to plo\u0161\u010dico od\u0161teti 31,35 EUR, spletna cena pa zna\u0161a le 25,08 EUR. Z 10&#215;40 cm je ta plo\u0161\u010dica primerna za razli\u010dne podlage. Debelina kar 8,5 mm dela to plo\u0161\u010dico zelo trpe\u017eno in presti\u017eno na otip. Monopole Crema Mate Liso prihaja iz \u0160panije, ki je znana po zelo kvalitetni keramiki v svetovnem merilu. Ta model plo\u0161\u010dice se najbolje prodaja v be\u017e barvi.<\/p>\n<p>Kliknite na ime kolekcije za ogled vseh plo\u0161\u010dic iz te serije: <a class=\"pdfcatal\" href=\"\/\/www.ceramictiles.com\/pdf\/monopole\/catalogue_monopole_monocolor.pdf\" onclick=\"recordOutboundLink(this, 'E-mail', 'Description PDF');return false;\">Monopole Monocolor<\/a><\/p>\n<p>\u010ce \u017eelite naro\u010diti model iz pdf kataloga te kolekcije, nam pi\u0161ite na: <a href=\"mailto:keramoteka.salon@gmail.com\" onclick=\"recordOutboundLink(this, 'E-mail', 'Description mail');return false;\">keramoteka.salon@gmail.com<\/a> ali pa nas pokli\u010dite na: +386 31 255 900.<\/p>\n","protected":false},"excerpt":{"rendered":"<p>V redni prodaji bi morali za to plo\u0161\u010dico od\u0161teti 31,35 EUR, spletna cena pa zna\u0161a le 25,08 EUR. Z 10&#215;40 cm je ta plo\u0161\u010dica primerna za razli\u010dne podlage. Debelina kar 8,5 mm dela to plo\u0161\u010dico zelo trpe\u017eno in presti\u017eno na otip. Monopole Crema Mate Liso prihaja iz \u0160panije, ki je znana po zelo kvalitetni keramiki [&hellip;]<\/p>\n","protected":false},"featured_media":107002,"template":"","meta":[],"product_cat":[200,220,99921434,999],"product_tag":[],"_links":{"self":[{"href":"https:\/\/www.keramika.com\/slovenija\/wp-json\/wp\/v2\/product\/107001"}],"collection":[{"href":"https:\/\/www.keramika.com\/slovenija\/wp-json\/wp\/v2\/product"}],"about":[{"href":"https:\/\/www.keramika.com\/slovenija\/wp-json\/wp\/v2\/types\/product"}],"wp:featuredmedia":[{"embeddable":true,"href":"https:\/\/www.keramika.com\/slovenija\/wp-json\/wp\/v2\/media\/107002"}],"wp:attachment":[{"href":"https:\/\/www.keramika.com\/slovenija\/wp-json\/wp\/v2\/media?parent=107001"}],"wp:term":[{"taxonomy":"product_cat","embeddable":true,"href":"https:\/\/www.keramika.com\/slovenija\/wp-json\/wp\/v2\/product_cat?post=107001"},{"taxonomy":"product_tag","embeddable":true,"href":"https:\/\/www.keramika.com\/slovenija\/wp-json\/wp\/v2\/product_tag?post=107001"}],"curies":[{"name":"wp","href":"https:\/\/api.w.org\/{rel}","templated":true}]}}