{"id":106991,"date":"2017-03-23T02:09:15","date_gmt":"2017-03-23T02:09:15","guid":{"rendered":"http:\/\/keramika.holest.com\/slovenija\/product\/monopole-liana-white\/"},"modified":"2026-01-04T00:04:03","modified_gmt":"2026-01-04T00:04:03","slug":"monopole-liana-white","status":"publish","type":"product","link":"https:\/\/www.keramika.com\/slovenija\/monopole-liana-white\/","title":{"rendered":"Monopole Liana White"},"content":{"rendered":"<p>Plo\u0161\u010dica je debela kar 8 mm, kar jo uvr\u0161\u010da med bolj trde plo\u0161\u010dice. Letos so plo\u0161\u010dice v beli barvi zelo za\u017eeljene. Plo\u0161\u010dica na sliki je velika 10&#215;30 cm. V redni prodaji bi morali za to plo\u0161\u010dico od\u0161teti 28,05 EUR, spletna cena pa zna\u0161a le 22,44 EUR. Monopole Blanco Brillo Bisel prihaja iz \u0160panije, ki je znana po zelo kvalitetni keramiki v svetovnem merilu.<\/p>\n<p>Kliknite na ime kolekcije za ogled vseh plo\u0161\u010dic iz te serije: <a class=\"pdfcatal\" href=\"\/\/www.ceramictiles.com\/pdf\/monopole\/catalogue_monopole_liana.pdf\" onclick=\"recordOutboundLink(this, 'E-mail', 'Description PDF');return false;\">Monopole Liana<\/a><\/p>\n<p>\u010ce \u017eelite naro\u010diti model iz pdf kataloga te kolekcije, nam pi\u0161ite na: <a href=\"mailto:keramoteka.salon@gmail.com\" onclick=\"recordOutboundLink(this, 'E-mail', 'Description mail');return false;\">keramoteka.salon@gmail.com<\/a> ali pa nas pokli\u010dite na: +386 31 255 900.<\/p>\n","protected":false},"excerpt":{"rendered":"<p>Plo\u0161\u010dica je debela kar 8 mm, kar jo uvr\u0161\u010da med bolj trde plo\u0161\u010dice. Letos so plo\u0161\u010dice v beli barvi zelo za\u017eeljene. Plo\u0161\u010dica na sliki je velika 10&#215;30 cm. V redni prodaji bi morali za to plo\u0161\u010dico od\u0161teti 28,05 EUR, spletna cena pa zna\u0161a le 22,44 EUR. Monopole Blanco Brillo Bisel prihaja iz \u0160panije, ki je [&hellip;]<\/p>\n","protected":false},"featured_media":106992,"template":"","meta":[],"product_cat":[200,220,99921434,999],"product_tag":[99921973],"_links":{"self":[{"href":"https:\/\/www.keramika.com\/slovenija\/wp-json\/wp\/v2\/product\/106991"}],"collection":[{"href":"https:\/\/www.keramika.com\/slovenija\/wp-json\/wp\/v2\/product"}],"about":[{"href":"https:\/\/www.keramika.com\/slovenija\/wp-json\/wp\/v2\/types\/product"}],"wp:featuredmedia":[{"embeddable":true,"href":"https:\/\/www.keramika.com\/slovenija\/wp-json\/wp\/v2\/media\/106992"}],"wp:attachment":[{"href":"https:\/\/www.keramika.com\/slovenija\/wp-json\/wp\/v2\/media?parent=106991"}],"wp:term":[{"taxonomy":"product_cat","embeddable":true,"href":"https:\/\/www.keramika.com\/slovenija\/wp-json\/wp\/v2\/product_cat?post=106991"},{"taxonomy":"product_tag","embeddable":true,"href":"https:\/\/www.keramika.com\/slovenija\/wp-json\/wp\/v2\/product_tag?post=106991"}],"curies":[{"name":"wp","href":"https:\/\/api.w.org\/{rel}","templated":true}]}}