{"id":106987,"date":"2017-03-23T02:09:02","date_gmt":"2017-03-23T02:09:02","guid":{"rendered":"http:\/\/keramika.holest.com\/slovenija\/product\/monopole-ladrillo-brown\/"},"modified":"2026-01-04T00:04:03","modified_gmt":"2026-01-04T00:04:03","slug":"monopole-ladrillo-brown","status":"publish","type":"product","link":"https:\/\/www.keramika.com\/slovenija\/monopole-ladrillo-brown\/","title":{"rendered":"Monopole Ladrillo Brown"},"content":{"rendered":"<p>Monopole Ladrillo Valencia je plo\u0161\u010dica proizvajalca Monopole in prihaja iz \u0160panije. Ta model plo\u0161\u010dice se najbolje prodaja v rjavi barvi. Debelina plo\u0161\u010dice je zelo pomembna in 8 mm uvr\u0161\u010da to plo\u0161\u010dico med najkvalitetnej\u0161e. Namesto 35,65 EUR kot bi za to plo\u0161\u010dico od\u0161teli v klasi\u010dni trgovini, boste v na\u0161i spletni prodajalni od\u0161teli le 28,52 EUR. Dimenzije te plo\u0161\u010dice so 10&#215;30 cm.<\/p>\n<p>Kliknite na ime kolekcije za ogled vseh plo\u0161\u010dic iz te serije: <a class=\"pdfcatal\" href=\"\/\/www.ceramictiles.com\/pdf\/monopole\/catalogue_monopole_ladrillo.pdf\" onclick=\"recordOutboundLink(this, 'E-mail', 'Description PDF');return false;\">Monopole Ladrillo<\/a><\/p>\n<p>\u010ce \u017eelite naro\u010diti model iz pdf kataloga te kolekcije, nam pi\u0161ite na: <a href=\"mailto:keramoteka.salon@gmail.com\" onclick=\"recordOutboundLink(this, 'E-mail', 'Description mail');return false;\">keramoteka.salon@gmail.com<\/a> ali pa nas pokli\u010dite na: +386 31 255 900.<\/p>\n<p>Technical description: 7,5&#215;28<\/p>\n","protected":false},"excerpt":{"rendered":"<p>Monopole Ladrillo Valencia je plo\u0161\u010dica proizvajalca Monopole in prihaja iz \u0160panije. Ta model plo\u0161\u010dice se najbolje prodaja v rjavi barvi. Debelina plo\u0161\u010dice je zelo pomembna in 8 mm uvr\u0161\u010da to plo\u0161\u010dico med najkvalitetnej\u0161e. Namesto 35,65 EUR kot bi za to plo\u0161\u010dico od\u0161teli v klasi\u010dni trgovini, boste v na\u0161i spletni prodajalni od\u0161teli le 28,52 EUR. Dimenzije [&hellip;]<\/p>\n","protected":false},"featured_media":106988,"template":"","meta":[],"product_cat":[200,220,99921434,999],"product_tag":[],"_links":{"self":[{"href":"https:\/\/www.keramika.com\/slovenija\/wp-json\/wp\/v2\/product\/106987"}],"collection":[{"href":"https:\/\/www.keramika.com\/slovenija\/wp-json\/wp\/v2\/product"}],"about":[{"href":"https:\/\/www.keramika.com\/slovenija\/wp-json\/wp\/v2\/types\/product"}],"wp:featuredmedia":[{"embeddable":true,"href":"https:\/\/www.keramika.com\/slovenija\/wp-json\/wp\/v2\/media\/106988"}],"wp:attachment":[{"href":"https:\/\/www.keramika.com\/slovenija\/wp-json\/wp\/v2\/media?parent=106987"}],"wp:term":[{"taxonomy":"product_cat","embeddable":true,"href":"https:\/\/www.keramika.com\/slovenija\/wp-json\/wp\/v2\/product_cat?post=106987"},{"taxonomy":"product_tag","embeddable":true,"href":"https:\/\/www.keramika.com\/slovenija\/wp-json\/wp\/v2\/product_tag?post=106987"}],"curies":[{"name":"wp","href":"https:\/\/api.w.org\/{rel}","templated":true}]}}