{"id":106977,"date":"2017-03-23T02:08:29","date_gmt":"2017-03-23T02:08:29","guid":{"rendered":"http:\/\/keramika.holest.com\/slovenija\/product\/monopole-ice-white\/"},"modified":"2026-01-04T00:04:02","modified_gmt":"2026-01-04T00:04:02","slug":"monopole-ice-white","status":"publish","type":"product","link":"https:\/\/www.keramika.com\/slovenija\/monopole-ice-white\/","title":{"rendered":"Monopole Ice White"},"content":{"rendered":"<p>Plo\u0161\u010dica na sliki je velika 10&#215;20 cm. Zelo moderna plo\u0161\u010dica v beli barvi popestri prav vsak prostor. Plo\u0161\u010dica je debela kar 8,5 mm, kar jo uvr\u0161\u010da med bolj trde plo\u0161\u010dice. Monopole Blanco Brillo Bisel je plo\u0161\u010dica proizvajalca Monopole in prihaja iz \u0160panije. Zaradi ni\u017ejih stro\u0161kov pri spletni prodaji boste na na\u0161i strani za to plo\u0161\u010dico od\u0161teli le 22,44 EUR.<\/p>\n<p>Kliknite na ime kolekcije za ogled vseh plo\u0161\u010dic iz te serije: <a class=\"pdfcatal\" href=\"\/\/www.ceramictiles.com\/pdf\/monopole\/catalogue_monopole_ice.pdf\" onclick=\"recordOutboundLink(this, 'E-mail', 'Description PDF');return false;\">Monopole Ice<\/a><\/p>\n<p>\u010ce \u017eelite naro\u010diti model iz pdf kataloga te kolekcije, nam pi\u0161ite na: <a href=\"mailto:keramoteka.salon@gmail.com\" onclick=\"recordOutboundLink(this, 'E-mail', 'Description mail');return false;\">keramoteka.salon@gmail.com<\/a> ali pa nas pokli\u010dite na: +386 31 255 900.<\/p>\n","protected":false},"excerpt":{"rendered":"<p>Plo\u0161\u010dica na sliki je velika 10&#215;20 cm. Zelo moderna plo\u0161\u010dica v beli barvi popestri prav vsak prostor. Plo\u0161\u010dica je debela kar 8,5 mm, kar jo uvr\u0161\u010da med bolj trde plo\u0161\u010dice. Monopole Blanco Brillo Bisel je plo\u0161\u010dica proizvajalca Monopole in prihaja iz \u0160panije. Zaradi ni\u017ejih stro\u0161kov pri spletni prodaji boste na na\u0161i strani za to plo\u0161\u010dico [&hellip;]<\/p>\n","protected":false},"featured_media":106978,"template":"","meta":[],"product_cat":[200,220,99921434,999],"product_tag":[99921973],"_links":{"self":[{"href":"https:\/\/www.keramika.com\/slovenija\/wp-json\/wp\/v2\/product\/106977"}],"collection":[{"href":"https:\/\/www.keramika.com\/slovenija\/wp-json\/wp\/v2\/product"}],"about":[{"href":"https:\/\/www.keramika.com\/slovenija\/wp-json\/wp\/v2\/types\/product"}],"wp:featuredmedia":[{"embeddable":true,"href":"https:\/\/www.keramika.com\/slovenija\/wp-json\/wp\/v2\/media\/106978"}],"wp:attachment":[{"href":"https:\/\/www.keramika.com\/slovenija\/wp-json\/wp\/v2\/media?parent=106977"}],"wp:term":[{"taxonomy":"product_cat","embeddable":true,"href":"https:\/\/www.keramika.com\/slovenija\/wp-json\/wp\/v2\/product_cat?post=106977"},{"taxonomy":"product_tag","embeddable":true,"href":"https:\/\/www.keramika.com\/slovenija\/wp-json\/wp\/v2\/product_tag?post=106977"}],"curies":[{"name":"wp","href":"https:\/\/api.w.org\/{rel}","templated":true}]}}