{"id":106973,"date":"2017-03-23T02:08:13","date_gmt":"2017-03-23T02:08:13","guid":{"rendered":"http:\/\/keramika.holest.com\/slovenija\/product\/monopole-gourmet-beige\/"},"modified":"2026-01-04T00:04:01","modified_gmt":"2026-01-04T00:04:01","slug":"monopole-gourmet-beige","status":"publish","type":"product","link":"https:\/\/www.keramika.com\/slovenija\/monopole-gourmet-beige\/","title":{"rendered":"Monopole Gourmet Beige"},"content":{"rendered":"<p>Zelo moderna plo\u0161\u010dica v be\u017e barvi popestri prav vsak prostor. 8,5 mm debeline je dovolj tudi za zahtevnej\u0161e kupce. \u0160irina in dol\u017eina te plo\u0161\u010dice sta 10&#215;30 cm. Monopole Crema Brillo Bisel je pripeljana iz \u0160panije in je zelo kvalitetna. Namesto 28,05 EUR kot bi za to plo\u0161\u010dico od\u0161teli v klasi\u010dni trgovini, boste v na\u0161i spletni prodajalni od\u0161teli le 22,44 EUR.<\/p>\n<p>Kliknite na ime kolekcije za ogled vseh plo\u0161\u010dic iz te serije: <a class=\"pdfcatal\" href=\"\/\/www.ceramictiles.com\/pdf\/monopole\/catalogue_monopole_gourmet.pdf\" onclick=\"recordOutboundLink(this, 'E-mail', 'Description PDF');return false;\">Monopole Gourmet<\/a><\/p>\n<p>\u010ce \u017eelite naro\u010diti model iz pdf kataloga te kolekcije, nam pi\u0161ite na: <a href=\"mailto:keramoteka.salon@gmail.com\" onclick=\"recordOutboundLink(this, 'E-mail', 'Description mail');return false;\">keramoteka.salon@gmail.com<\/a> ali pa nas pokli\u010dite na: +386 31 255 900.<\/p>\n","protected":false},"excerpt":{"rendered":"<p>Zelo moderna plo\u0161\u010dica v be\u017e barvi popestri prav vsak prostor. 8,5 mm debeline je dovolj tudi za zahtevnej\u0161e kupce. \u0160irina in dol\u017eina te plo\u0161\u010dice sta 10&#215;30 cm. Monopole Crema Brillo Bisel je pripeljana iz \u0160panije in je zelo kvalitetna. Namesto 28,05 EUR kot bi za to plo\u0161\u010dico od\u0161teli v klasi\u010dni trgovini, boste v na\u0161i spletni [&hellip;]<\/p>\n","protected":false},"featured_media":106974,"template":"","meta":[],"product_cat":[200,220,99921434,999],"product_tag":[],"_links":{"self":[{"href":"https:\/\/www.keramika.com\/slovenija\/wp-json\/wp\/v2\/product\/106973"}],"collection":[{"href":"https:\/\/www.keramika.com\/slovenija\/wp-json\/wp\/v2\/product"}],"about":[{"href":"https:\/\/www.keramika.com\/slovenija\/wp-json\/wp\/v2\/types\/product"}],"wp:featuredmedia":[{"embeddable":true,"href":"https:\/\/www.keramika.com\/slovenija\/wp-json\/wp\/v2\/media\/106974"}],"wp:attachment":[{"href":"https:\/\/www.keramika.com\/slovenija\/wp-json\/wp\/v2\/media?parent=106973"}],"wp:term":[{"taxonomy":"product_cat","embeddable":true,"href":"https:\/\/www.keramika.com\/slovenija\/wp-json\/wp\/v2\/product_cat?post=106973"},{"taxonomy":"product_tag","embeddable":true,"href":"https:\/\/www.keramika.com\/slovenija\/wp-json\/wp\/v2\/product_tag?post=106973"}],"curies":[{"name":"wp","href":"https:\/\/api.w.org\/{rel}","templated":true}]}}