{"id":106971,"date":"2017-03-23T02:08:06","date_gmt":"2017-03-23T02:08:06","guid":{"rendered":"http:\/\/keramika.holest.com\/slovenija\/product\/monopole-gallant-beige\/"},"modified":"2026-01-04T00:04:01","modified_gmt":"2026-01-04T00:04:01","slug":"monopole-gallant-beige","status":"publish","type":"product","link":"https:\/\/www.keramika.com\/slovenija\/monopole-gallant-beige\/","title":{"rendered":"Monopole Gallant Beige"},"content":{"rendered":"<p>Pri izbiri plo\u0161\u010dice v be\u017e barvi ne morete zgre\u0161iti. To plo\u0161\u010dico je izdelal proizvajalec Monopole, ki prihaja iz \u0160panije. Velikost te plo\u0161\u010dice je 20&#215;60 cm in je primerna za razli\u010dne povr\u0161ine. 8 mm debeline je dovolj tudi za zahtevnej\u0161e kupce. V redni prodaji bi morali za to plo\u0161\u010dico od\u0161teti 26,22 EUR, spletna cena pa zna\u0161a le 20,98 EUR.<\/p>\n<p>Kliknite na ime kolekcije za ogled vseh plo\u0161\u010dic iz te serije: <a class=\"pdfcatal\" href=\"\/\/www.ceramictiles.com\/pdf\/monopole\/catalogue_monopole_gallant.pdf\" onclick=\"recordOutboundLink(this, 'E-mail', 'Description PDF');return false;\">Monopole Gallant<\/a><\/p>\n<p>\u010ce \u017eelite naro\u010diti model iz pdf kataloga te kolekcije, nam pi\u0161ite na: <a href=\"mailto:keramoteka.salon@gmail.com\" onclick=\"recordOutboundLink(this, 'E-mail', 'Description mail');return false;\">keramoteka.salon@gmail.com<\/a> ali pa nas pokli\u010dite na: +386 31 255 900.<\/p>\n","protected":false},"excerpt":{"rendered":"<p>Pri izbiri plo\u0161\u010dice v be\u017e barvi ne morete zgre\u0161iti. To plo\u0161\u010dico je izdelal proizvajalec Monopole, ki prihaja iz \u0160panije. Velikost te plo\u0161\u010dice je 20&#215;60 cm in je primerna za razli\u010dne povr\u0161ine. 8 mm debeline je dovolj tudi za zahtevnej\u0161e kupce. V redni prodaji bi morali za to plo\u0161\u010dico od\u0161teti 26,22 EUR, spletna cena pa zna\u0161a [&hellip;]<\/p>\n","protected":false},"featured_media":106972,"template":"","meta":[],"product_cat":[200,220,99921434,999],"product_tag":[],"_links":{"self":[{"href":"https:\/\/www.keramika.com\/slovenija\/wp-json\/wp\/v2\/product\/106971"}],"collection":[{"href":"https:\/\/www.keramika.com\/slovenija\/wp-json\/wp\/v2\/product"}],"about":[{"href":"https:\/\/www.keramika.com\/slovenija\/wp-json\/wp\/v2\/types\/product"}],"wp:featuredmedia":[{"embeddable":true,"href":"https:\/\/www.keramika.com\/slovenija\/wp-json\/wp\/v2\/media\/106972"}],"wp:attachment":[{"href":"https:\/\/www.keramika.com\/slovenija\/wp-json\/wp\/v2\/media?parent=106971"}],"wp:term":[{"taxonomy":"product_cat","embeddable":true,"href":"https:\/\/www.keramika.com\/slovenija\/wp-json\/wp\/v2\/product_cat?post=106971"},{"taxonomy":"product_tag","embeddable":true,"href":"https:\/\/www.keramika.com\/slovenija\/wp-json\/wp\/v2\/product_tag?post=106971"}],"curies":[{"name":"wp","href":"https:\/\/api.w.org\/{rel}","templated":true}]}}