{"id":106969,"date":"2017-03-23T02:07:58","date_gmt":"2017-03-23T02:07:58","guid":{"rendered":"http:\/\/keramika.holest.com\/slovenija\/product\/monopole-fresh-white\/"},"modified":"2026-01-04T00:04:01","modified_gmt":"2026-01-04T00:04:01","slug":"monopole-fresh-white","status":"publish","type":"product","link":"https:\/\/www.keramika.com\/slovenija\/monopole-fresh-white\/","title":{"rendered":"Monopole Fresh White"},"content":{"rendered":"<p>Zaradi ni\u017ejih stro\u0161kov pri spletni prodaji boste na na\u0161i strani za to plo\u0161\u010dico od\u0161teli le 22,44 EUR. Monopole Blanco Brillo Bisel je plo\u0161\u010dica proizvajalca Monopole in prihaja iz \u0160panije. Letos so plo\u0161\u010dice v beli barvi zelo za\u017eeljene. Velikost te plo\u0161\u010dice je 10&#215;30 cm in je primerna za razli\u010dne povr\u0161ine. Ta plo\u0161\u010dica je debela 8,5 mm in je zelo trpe\u017ena.<\/p>\n<p>Kliknite na ime kolekcije za ogled vseh plo\u0161\u010dic iz te serije: <a class=\"pdfcatal\" href=\"\/\/www.ceramictiles.com\/pdf\/monopole\/catalogue_monopole_fresh.pdf\" onclick=\"recordOutboundLink(this, 'E-mail', 'Description PDF');return false;\">Monopole Fresh<\/a><\/p>\n<p>\u010ce \u017eelite naro\u010diti model iz pdf kataloga te kolekcije, nam pi\u0161ite na: <a href=\"mailto:keramoteka.salon@gmail.com\" onclick=\"recordOutboundLink(this, 'E-mail', 'Description mail');return false;\">keramoteka.salon@gmail.com<\/a> ali pa nas pokli\u010dite na: +386 31 255 900.<\/p>\n","protected":false},"excerpt":{"rendered":"<p>Zaradi ni\u017ejih stro\u0161kov pri spletni prodaji boste na na\u0161i strani za to plo\u0161\u010dico od\u0161teli le 22,44 EUR. Monopole Blanco Brillo Bisel je plo\u0161\u010dica proizvajalca Monopole in prihaja iz \u0160panije. Letos so plo\u0161\u010dice v beli barvi zelo za\u017eeljene. Velikost te plo\u0161\u010dice je 10&#215;30 cm in je primerna za razli\u010dne povr\u0161ine. Ta plo\u0161\u010dica je debela 8,5 mm [&hellip;]<\/p>\n","protected":false},"featured_media":106970,"template":"","meta":[],"product_cat":[200,220,99921434,999],"product_tag":[99921973],"_links":{"self":[{"href":"https:\/\/www.keramika.com\/slovenija\/wp-json\/wp\/v2\/product\/106969"}],"collection":[{"href":"https:\/\/www.keramika.com\/slovenija\/wp-json\/wp\/v2\/product"}],"about":[{"href":"https:\/\/www.keramika.com\/slovenija\/wp-json\/wp\/v2\/types\/product"}],"wp:featuredmedia":[{"embeddable":true,"href":"https:\/\/www.keramika.com\/slovenija\/wp-json\/wp\/v2\/media\/106970"}],"wp:attachment":[{"href":"https:\/\/www.keramika.com\/slovenija\/wp-json\/wp\/v2\/media?parent=106969"}],"wp:term":[{"taxonomy":"product_cat","embeddable":true,"href":"https:\/\/www.keramika.com\/slovenija\/wp-json\/wp\/v2\/product_cat?post=106969"},{"taxonomy":"product_tag","embeddable":true,"href":"https:\/\/www.keramika.com\/slovenija\/wp-json\/wp\/v2\/product_tag?post=106969"}],"curies":[{"name":"wp","href":"https:\/\/api.w.org\/{rel}","templated":true}]}}