{"id":106957,"date":"2017-03-23T02:07:16","date_gmt":"2017-03-23T02:07:16","guid":{"rendered":"http:\/\/keramika.holest.com\/slovenija\/product\/monopole-dulcinea-white\/"},"modified":"2026-01-04T00:04:00","modified_gmt":"2026-01-04T00:04:00","slug":"monopole-dulcinea-white","status":"publish","type":"product","link":"https:\/\/www.keramika.com\/slovenija\/monopole-dulcinea-white\/","title":{"rendered":"Monopole Dulcinea White"},"content":{"rendered":"<p>Prihaja iz \u0160panije, ki po svetu slovi kot ena bolj\u0161ih proizvajalk kerami\u010dnih plo\u0161\u010dic. Zaradi ni\u017ejih stro\u0161kov pri spletni prodaji boste na na\u0161i strani za to plo\u0161\u010dico od\u0161teli le 22,44 EUR. Debelina plo\u0161\u010dice je zelo pomembna in 8,5 mm uvr\u0161\u010da to plo\u0161\u010dico med najkvalitetnej\u0161e. \u0160irina in dol\u017eina te plo\u0161\u010dice sta 10&#215;30 cm. Letos so plo\u0161\u010dice v beli barvi zelo za\u017eeljene.<\/p>\n<p>Kliknite na ime kolekcije za ogled vseh plo\u0161\u010dic iz te serije: <a class=\"pdfcatal\" href=\"\/\/www.ceramictiles.com\/pdf\/monopole\/catalogue_monopole_dulcinea.pdf\" onclick=\"recordOutboundLink(this, 'E-mail', 'Description PDF');return false;\">Monopole Dulcinea<\/a><\/p>\n<p>\u010ce \u017eelite naro\u010diti model iz pdf kataloga te kolekcije, nam pi\u0161ite na: <a href=\"mailto:keramoteka.salon@gmail.com\" onclick=\"recordOutboundLink(this, 'E-mail', 'Description mail');return false;\">keramoteka.salon@gmail.com<\/a> ali pa nas pokli\u010dite na: +386 31 255 900.<\/p>\n","protected":false},"excerpt":{"rendered":"<p>Prihaja iz \u0160panije, ki po svetu slovi kot ena bolj\u0161ih proizvajalk kerami\u010dnih plo\u0161\u010dic. Zaradi ni\u017ejih stro\u0161kov pri spletni prodaji boste na na\u0161i strani za to plo\u0161\u010dico od\u0161teli le 22,44 EUR. Debelina plo\u0161\u010dice je zelo pomembna in 8,5 mm uvr\u0161\u010da to plo\u0161\u010dico med najkvalitetnej\u0161e. \u0160irina in dol\u017eina te plo\u0161\u010dice sta 10&#215;30 cm. Letos so plo\u0161\u010dice v [&hellip;]<\/p>\n","protected":false},"featured_media":106958,"template":"","meta":[],"product_cat":[200,220,99921434,999],"product_tag":[],"_links":{"self":[{"href":"https:\/\/www.keramika.com\/slovenija\/wp-json\/wp\/v2\/product\/106957"}],"collection":[{"href":"https:\/\/www.keramika.com\/slovenija\/wp-json\/wp\/v2\/product"}],"about":[{"href":"https:\/\/www.keramika.com\/slovenija\/wp-json\/wp\/v2\/types\/product"}],"wp:featuredmedia":[{"embeddable":true,"href":"https:\/\/www.keramika.com\/slovenija\/wp-json\/wp\/v2\/media\/106958"}],"wp:attachment":[{"href":"https:\/\/www.keramika.com\/slovenija\/wp-json\/wp\/v2\/media?parent=106957"}],"wp:term":[{"taxonomy":"product_cat","embeddable":true,"href":"https:\/\/www.keramika.com\/slovenija\/wp-json\/wp\/v2\/product_cat?post=106957"},{"taxonomy":"product_tag","embeddable":true,"href":"https:\/\/www.keramika.com\/slovenija\/wp-json\/wp\/v2\/product_tag?post=106957"}],"curies":[{"name":"wp","href":"https:\/\/api.w.org\/{rel}","templated":true}]}}