{"id":106955,"date":"2017-03-23T02:07:07","date_gmt":"2017-03-23T02:07:07","guid":{"rendered":"http:\/\/keramika.holest.com\/slovenija\/product\/monopole-dolce-vita-white\/"},"modified":"2026-01-04T00:04:00","modified_gmt":"2026-01-04T00:04:00","slug":"monopole-dolce-vita-white","status":"publish","type":"product","link":"https:\/\/www.keramika.com\/slovenija\/monopole-dolce-vita-white\/","title":{"rendered":"Monopole Dolce Vita White"},"content":{"rendered":"<p>Monopole Crema Brillo Bisel je pripeljana iz \u0160panije in je zelo kvalitetna. Ta plo\u0161\u010dica je na voljo v \u010dudoviti beli barvi, \u010de \u017eelite kak\u0161no drugo barvo pa nas kontaktirajte in preverili bomo pri proizvajalcu. Redna cena te plo\u0161\u010dice v maloprodaji zna\u0161a 28,05 EUR, v na\u0161i spletni trgovini pa jo lahko dobite \u017ee za 22,44 EUR. Ta plo\u0161\u010dica je debela 8 mm in je zelo trpe\u017ena. \u0160irina in dol\u017eina te plo\u0161\u010dice sta 10&#215;30 cm.<\/p>\n<p>Kliknite na ime kolekcije za ogled vseh plo\u0161\u010dic iz te serije: <a class=\"pdfcatal\" href=\"\/\/www.ceramictiles.com\/pdf\/monopole\/catalogue_monopole_dolce_vita.pdf\" onclick=\"recordOutboundLink(this, 'E-mail', 'Description PDF');return false;\">Monopole Dolce Vita<\/a><\/p>\n<p>\u010ce \u017eelite naro\u010diti model iz pdf kataloga te kolekcije, nam pi\u0161ite na: <a href=\"mailto:keramoteka.salon@gmail.com\" onclick=\"recordOutboundLink(this, 'E-mail', 'Description mail');return false;\">keramoteka.salon@gmail.com<\/a> ali pa nas pokli\u010dite na: +386 31 255 900.<\/p>\n","protected":false},"excerpt":{"rendered":"<p>Monopole Crema Brillo Bisel je pripeljana iz \u0160panije in je zelo kvalitetna. Ta plo\u0161\u010dica je na voljo v \u010dudoviti beli barvi, \u010de \u017eelite kak\u0161no drugo barvo pa nas kontaktirajte in preverili bomo pri proizvajalcu. Redna cena te plo\u0161\u010dice v maloprodaji zna\u0161a 28,05 EUR, v na\u0161i spletni trgovini pa jo lahko dobite \u017ee za 22,44 EUR. [&hellip;]<\/p>\n","protected":false},"featured_media":106956,"template":"","meta":[],"product_cat":[200,220,99921434,999],"product_tag":[],"_links":{"self":[{"href":"https:\/\/www.keramika.com\/slovenija\/wp-json\/wp\/v2\/product\/106955"}],"collection":[{"href":"https:\/\/www.keramika.com\/slovenija\/wp-json\/wp\/v2\/product"}],"about":[{"href":"https:\/\/www.keramika.com\/slovenija\/wp-json\/wp\/v2\/types\/product"}],"wp:featuredmedia":[{"embeddable":true,"href":"https:\/\/www.keramika.com\/slovenija\/wp-json\/wp\/v2\/media\/106956"}],"wp:attachment":[{"href":"https:\/\/www.keramika.com\/slovenija\/wp-json\/wp\/v2\/media?parent=106955"}],"wp:term":[{"taxonomy":"product_cat","embeddable":true,"href":"https:\/\/www.keramika.com\/slovenija\/wp-json\/wp\/v2\/product_cat?post=106955"},{"taxonomy":"product_tag","embeddable":true,"href":"https:\/\/www.keramika.com\/slovenija\/wp-json\/wp\/v2\/product_tag?post=106955"}],"curies":[{"name":"wp","href":"https:\/\/api.w.org\/{rel}","templated":true}]}}