{"id":106949,"date":"2017-03-23T02:06:44","date_gmt":"2017-03-23T02:06:44","guid":{"rendered":"http:\/\/keramika.holest.com\/slovenija\/product\/monopole-colazione-white\/"},"modified":"2026-01-04T00:03:59","modified_gmt":"2026-01-04T00:03:59","slug":"monopole-colazione-white","status":"publish","type":"product","link":"https:\/\/www.keramika.com\/slovenija\/monopole-colazione-white\/","title":{"rendered":"Monopole Colazione White"},"content":{"rendered":"<p>Na spletu boste za to plo\u0161\u010dico od\u0161teli le 25,08 EUR, medtem ko v redni prodaji cena zna\u0161a 31,35 EUR. 8,5 mm je debelina, ki zadovolji tudi zahtevnej\u0161e kupce. Monopole Crema Mate Liso je plo\u0161\u010dica proizvajalca Monopole in prihaja iz \u0160panije. Pri izbiri plo\u0161\u010dice v beli barvi ne morete zgre\u0161iti. Velikost te plo\u0161\u010dice je 10&#215;40 cm.<\/p>\n<p>Kliknite na ime kolekcije za ogled vseh plo\u0161\u010dic iz te serije: <a class=\"pdfcatal\" href=\"\/\/www.ceramictiles.com\/pdf\/monopole\/catalogue_monopole_colazione.pdf\" onclick=\"recordOutboundLink(this, 'E-mail', 'Description PDF');return false;\">Monopole Colazione<\/a><\/p>\n<p>\u010ce \u017eelite naro\u010diti model iz pdf kataloga te kolekcije, nam pi\u0161ite na: <a href=\"mailto:keramoteka.salon@gmail.com\" onclick=\"recordOutboundLink(this, 'E-mail', 'Description mail');return false;\">keramoteka.salon@gmail.com<\/a> ali pa nas pokli\u010dite na: +386 31 255 900.<\/p>\n","protected":false},"excerpt":{"rendered":"<p>Na spletu boste za to plo\u0161\u010dico od\u0161teli le 25,08 EUR, medtem ko v redni prodaji cena zna\u0161a 31,35 EUR. 8,5 mm je debelina, ki zadovolji tudi zahtevnej\u0161e kupce. Monopole Crema Mate Liso je plo\u0161\u010dica proizvajalca Monopole in prihaja iz \u0160panije. Pri izbiri plo\u0161\u010dice v beli barvi ne morete zgre\u0161iti. Velikost te plo\u0161\u010dice je 10&#215;40 cm. [&hellip;]<\/p>\n","protected":false},"featured_media":106950,"template":"","meta":[],"product_cat":[200,220,99921434,999],"product_tag":[],"_links":{"self":[{"href":"https:\/\/www.keramika.com\/slovenija\/wp-json\/wp\/v2\/product\/106949"}],"collection":[{"href":"https:\/\/www.keramika.com\/slovenija\/wp-json\/wp\/v2\/product"}],"about":[{"href":"https:\/\/www.keramika.com\/slovenija\/wp-json\/wp\/v2\/types\/product"}],"wp:featuredmedia":[{"embeddable":true,"href":"https:\/\/www.keramika.com\/slovenija\/wp-json\/wp\/v2\/media\/106950"}],"wp:attachment":[{"href":"https:\/\/www.keramika.com\/slovenija\/wp-json\/wp\/v2\/media?parent=106949"}],"wp:term":[{"taxonomy":"product_cat","embeddable":true,"href":"https:\/\/www.keramika.com\/slovenija\/wp-json\/wp\/v2\/product_cat?post=106949"},{"taxonomy":"product_tag","embeddable":true,"href":"https:\/\/www.keramika.com\/slovenija\/wp-json\/wp\/v2\/product_tag?post=106949"}],"curies":[{"name":"wp","href":"https:\/\/api.w.org\/{rel}","templated":true}]}}