{"id":106929,"date":"2017-03-23T02:05:32","date_gmt":"2017-03-23T02:05:32","guid":{"rendered":"http:\/\/keramika.holest.com\/slovenija\/product\/monopole-castillo-brown\/"},"modified":"2026-01-04T00:03:57","modified_gmt":"2026-01-04T00:03:57","slug":"monopole-castillo-brown","status":"publish","type":"product","link":"https:\/\/www.keramika.com\/slovenija\/monopole-castillo-brown\/","title":{"rendered":"Monopole Castillo Brown"},"content":{"rendered":"<p>32,35 EUR v klasi\u010dni trgovini, pri nas pa le 25,88 EUR. Dimenzije te plo\u0161\u010dice so 30&#215;10 cm. Debelina plo\u0161\u010dice je zelo pomembna in 8,5 mm uvr\u0161\u010da to plo\u0161\u010dico med najkvalitetnej\u0161e. Monopole Castillo Turis prihaja iz \u0160panije, ki je znana po zelo kvalitetni keramiki v svetovnem merilu. Ta kerami\u010dna plo\u0161\u010dica v \u010dudoviti rjavi barvi bo obogatila vsak prostor.<\/p>\n<p>Kliknite na ime kolekcije za ogled vseh plo\u0161\u010dic iz te serije: <a class=\"pdfcatal\" href=\"\/\/www.ceramictiles.com\/pdf\/monopole\/catalogue_monopole_castillo.pdf\" onclick=\"recordOutboundLink(this, 'E-mail', 'Description PDF');return false;\">Monopole Castillo<\/a><\/p>\n<p>\u010ce \u017eelite naro\u010diti model iz pdf kataloga te kolekcije, nam pi\u0161ite na: <a href=\"mailto:keramoteka.salon@gmail.com\" onclick=\"recordOutboundLink(this, 'E-mail', 'Description mail');return false;\">keramoteka.salon@gmail.com<\/a> ali pa nas pokli\u010dite na: +386 31 255 900.<\/p>\n<p>Technical description: 14,7&#215;44,2<\/p>\n","protected":false},"excerpt":{"rendered":"<p>32,35 EUR v klasi\u010dni trgovini, pri nas pa le 25,88 EUR. Dimenzije te plo\u0161\u010dice so 30&#215;10 cm. Debelina plo\u0161\u010dice je zelo pomembna in 8,5 mm uvr\u0161\u010da to plo\u0161\u010dico med najkvalitetnej\u0161e. Monopole Castillo Turis prihaja iz \u0160panije, ki je znana po zelo kvalitetni keramiki v svetovnem merilu. Ta kerami\u010dna plo\u0161\u010dica v \u010dudoviti rjavi barvi bo obogatila [&hellip;]<\/p>\n","protected":false},"featured_media":106930,"template":"","meta":[],"product_cat":[200,220,99921434,999],"product_tag":[],"_links":{"self":[{"href":"https:\/\/www.keramika.com\/slovenija\/wp-json\/wp\/v2\/product\/106929"}],"collection":[{"href":"https:\/\/www.keramika.com\/slovenija\/wp-json\/wp\/v2\/product"}],"about":[{"href":"https:\/\/www.keramika.com\/slovenija\/wp-json\/wp\/v2\/types\/product"}],"wp:featuredmedia":[{"embeddable":true,"href":"https:\/\/www.keramika.com\/slovenija\/wp-json\/wp\/v2\/media\/106930"}],"wp:attachment":[{"href":"https:\/\/www.keramika.com\/slovenija\/wp-json\/wp\/v2\/media?parent=106929"}],"wp:term":[{"taxonomy":"product_cat","embeddable":true,"href":"https:\/\/www.keramika.com\/slovenija\/wp-json\/wp\/v2\/product_cat?post=106929"},{"taxonomy":"product_tag","embeddable":true,"href":"https:\/\/www.keramika.com\/slovenija\/wp-json\/wp\/v2\/product_tag?post=106929"}],"curies":[{"name":"wp","href":"https:\/\/api.w.org\/{rel}","templated":true}]}}