{"id":106923,"date":"2017-03-23T02:05:10","date_gmt":"2017-03-23T02:05:10","guid":{"rendered":"http:\/\/keramika.holest.com\/slovenija\/product\/monopole-bricks-grey\/"},"modified":"2026-01-04T00:03:56","modified_gmt":"2026-01-04T00:03:56","slug":"monopole-bricks-grey","status":"publish","type":"product","link":"https:\/\/www.keramika.com\/slovenija\/monopole-bricks-grey\/","title":{"rendered":"Monopole Bricks Grey"},"content":{"rendered":"<p>V redni prodaji bi morali za to plo\u0161\u010dico od\u0161teti 35,65 EUR, spletna cena pa zna\u0161a le 28,52 EUR. Debelina kar 8 mm dela to plo\u0161\u010dico zelo trpe\u017eno in presti\u017eno na otip. Zelo moderna plo\u0161\u010dica v sivi barvi popestri prav vsak prostor. Monopole Bricks Gris prihaja iz \u0160panije, ki je znana po zelo kvalitetni keramiki v svetovnem merilu. Dimenzije te plo\u0161\u010dice so 10&#215;30 cm.<\/p>\n<p>Kliknite na ime kolekcije za ogled vseh plo\u0161\u010dic iz te serije: <a class=\"pdfcatal\" href=\"\/\/www.ceramictiles.com\/pdf\/monopole\/catalogue_monopole_bricks.pdf\" onclick=\"recordOutboundLink(this, 'E-mail', 'Description PDF');return false;\">Monopole Bricks<\/a><\/p>\n<p>\u010ce \u017eelite naro\u010diti model iz pdf kataloga te kolekcije, nam pi\u0161ite na: <a href=\"mailto:keramoteka.salon@gmail.com\" onclick=\"recordOutboundLink(this, 'E-mail', 'Description mail');return false;\">keramoteka.salon@gmail.com<\/a> ali pa nas pokli\u010dite na: +386 31 255 900.<\/p>\n<p>Technical description: 7,5&#215;28<\/p>\n","protected":false},"excerpt":{"rendered":"<p>V redni prodaji bi morali za to plo\u0161\u010dico od\u0161teti 35,65 EUR, spletna cena pa zna\u0161a le 28,52 EUR. Debelina kar 8 mm dela to plo\u0161\u010dico zelo trpe\u017eno in presti\u017eno na otip. Zelo moderna plo\u0161\u010dica v sivi barvi popestri prav vsak prostor. Monopole Bricks Gris prihaja iz \u0160panije, ki je znana po zelo kvalitetni keramiki v [&hellip;]<\/p>\n","protected":false},"featured_media":106924,"template":"","meta":[],"product_cat":[200,220,99921434,999],"product_tag":[],"_links":{"self":[{"href":"https:\/\/www.keramika.com\/slovenija\/wp-json\/wp\/v2\/product\/106923"}],"collection":[{"href":"https:\/\/www.keramika.com\/slovenija\/wp-json\/wp\/v2\/product"}],"about":[{"href":"https:\/\/www.keramika.com\/slovenija\/wp-json\/wp\/v2\/types\/product"}],"wp:featuredmedia":[{"embeddable":true,"href":"https:\/\/www.keramika.com\/slovenija\/wp-json\/wp\/v2\/media\/106924"}],"wp:attachment":[{"href":"https:\/\/www.keramika.com\/slovenija\/wp-json\/wp\/v2\/media?parent=106923"}],"wp:term":[{"taxonomy":"product_cat","embeddable":true,"href":"https:\/\/www.keramika.com\/slovenija\/wp-json\/wp\/v2\/product_cat?post=106923"},{"taxonomy":"product_tag","embeddable":true,"href":"https:\/\/www.keramika.com\/slovenija\/wp-json\/wp\/v2\/product_tag?post=106923"}],"curies":[{"name":"wp","href":"https:\/\/api.w.org\/{rel}","templated":true}]}}