{"id":106921,"date":"2017-03-23T02:05:02","date_gmt":"2017-03-23T02:05:02","guid":{"rendered":"http:\/\/keramika.holest.com\/slovenija\/product\/monopole-breakfast-white\/"},"modified":"2026-01-04T00:03:56","modified_gmt":"2026-01-04T00:03:56","slug":"monopole-breakfast-white","status":"publish","type":"product","link":"https:\/\/www.keramika.com\/slovenija\/monopole-breakfast-white\/","title":{"rendered":"Monopole Breakfast White"},"content":{"rendered":"<p>Z 10&#215;20 cm je ta plo\u0161\u010dica primerna za razli\u010dne podlage. Debelina kar 8,5 mm dela to plo\u0161\u010dico zelo trpe\u017eno in presti\u017eno na otip. 28,05 EUR v klasi\u010dni trgovini, pri nas pa le 22,44 EUR. Monopole Marfil Brillo Bisel je pripeljana iz \u0160panije in je zelo kvalitetna. Ta plo\u0161\u010dica je na voljo v \u010dudoviti beli barvi, \u010de \u017eelite kak\u0161no drugo barvo pa nas kontaktirajte in preverili bomo pri proizvajalcu.<\/p>\n<p>Kliknite na ime kolekcije za ogled vseh plo\u0161\u010dic iz te serije: <a class=\"pdfcatal\" href=\"\/\/www.ceramictiles.com\/pdf\/monopole\/catalogue_monopole_breakfast.pdf\" onclick=\"recordOutboundLink(this, 'E-mail', 'Description PDF');return false;\">Monopole Breakfast<\/a><\/p>\n<p>\u010ce \u017eelite naro\u010diti model iz pdf kataloga te kolekcije, nam pi\u0161ite na: <a href=\"mailto:keramoteka.salon@gmail.com\" onclick=\"recordOutboundLink(this, 'E-mail', 'Description mail');return false;\">keramoteka.salon@gmail.com<\/a> ali pa nas pokli\u010dite na: +386 31 255 900.<\/p>\n","protected":false},"excerpt":{"rendered":"<p>Z 10&#215;20 cm je ta plo\u0161\u010dica primerna za razli\u010dne podlage. Debelina kar 8,5 mm dela to plo\u0161\u010dico zelo trpe\u017eno in presti\u017eno na otip. 28,05 EUR v klasi\u010dni trgovini, pri nas pa le 22,44 EUR. Monopole Marfil Brillo Bisel je pripeljana iz \u0160panije in je zelo kvalitetna. Ta plo\u0161\u010dica je na voljo v \u010dudoviti beli barvi, [&hellip;]<\/p>\n","protected":false},"featured_media":106922,"template":"","meta":[],"product_cat":[200,220,99921434,999],"product_tag":[],"_links":{"self":[{"href":"https:\/\/www.keramika.com\/slovenija\/wp-json\/wp\/v2\/product\/106921"}],"collection":[{"href":"https:\/\/www.keramika.com\/slovenija\/wp-json\/wp\/v2\/product"}],"about":[{"href":"https:\/\/www.keramika.com\/slovenija\/wp-json\/wp\/v2\/types\/product"}],"wp:featuredmedia":[{"embeddable":true,"href":"https:\/\/www.keramika.com\/slovenija\/wp-json\/wp\/v2\/media\/106922"}],"wp:attachment":[{"href":"https:\/\/www.keramika.com\/slovenija\/wp-json\/wp\/v2\/media?parent=106921"}],"wp:term":[{"taxonomy":"product_cat","embeddable":true,"href":"https:\/\/www.keramika.com\/slovenija\/wp-json\/wp\/v2\/product_cat?post=106921"},{"taxonomy":"product_tag","embeddable":true,"href":"https:\/\/www.keramika.com\/slovenija\/wp-json\/wp\/v2\/product_tag?post=106921"}],"curies":[{"name":"wp","href":"https:\/\/api.w.org\/{rel}","templated":true}]}}