{"id":106915,"date":"2017-03-23T02:04:43","date_gmt":"2017-03-23T02:04:43","guid":{"rendered":"http:\/\/keramika.holest.com\/slovenija\/product\/monopole-atenea-beige\/"},"modified":"2026-01-04T00:03:56","modified_gmt":"2026-01-04T00:03:56","slug":"monopole-atenea-beige","status":"publish","type":"product","link":"https:\/\/www.keramika.com\/slovenija\/monopole-atenea-beige\/","title":{"rendered":"Monopole Atenea Beige"},"content":{"rendered":"<p>Debelina plo\u0161\u010dice je zelo pomembna in 8 mm uvr\u0161\u010da to plo\u0161\u010dico med najkvalitetnej\u0161e. Plo\u0161\u010dica na sliki je velika 10&#215;40 cm. V redni prodaji bi morali za to plo\u0161\u010dico od\u0161teti 34,65 EUR, spletna cena pa zna\u0161a le 27,72 EUR. Monopole Creta Crema Mate Liso je pripeljana iz \u0160panije in je zelo kvalitetna. Letos so plo\u0161\u010dice v be\u017e barvi zelo za\u017eeljene.<\/p>\n<p>Kliknite na ime kolekcije za ogled vseh plo\u0161\u010dic iz te serije: <a class=\"pdfcatal\" href=\"\/\/www.ceramictiles.com\/pdf\/monopole\/catalogue_monopole_atenea.pdf\" onclick=\"recordOutboundLink(this, 'E-mail', 'Description PDF');return false;\">Monopole Atenea<\/a><\/p>\n<p>\u010ce \u017eelite naro\u010diti model iz pdf kataloga te kolekcije, nam pi\u0161ite na: <a href=\"mailto:keramoteka.salon@gmail.com\" onclick=\"recordOutboundLink(this, 'E-mail', 'Description mail');return false;\">keramoteka.salon@gmail.com<\/a> ali pa nas pokli\u010dite na: +386 31 255 900.<\/p>\n","protected":false},"excerpt":{"rendered":"<p>Debelina plo\u0161\u010dice je zelo pomembna in 8 mm uvr\u0161\u010da to plo\u0161\u010dico med najkvalitetnej\u0161e. Plo\u0161\u010dica na sliki je velika 10&#215;40 cm. V redni prodaji bi morali za to plo\u0161\u010dico od\u0161teti 34,65 EUR, spletna cena pa zna\u0161a le 27,72 EUR. Monopole Creta Crema Mate Liso je pripeljana iz \u0160panije in je zelo kvalitetna. Letos so plo\u0161\u010dice v [&hellip;]<\/p>\n","protected":false},"featured_media":106916,"template":"","meta":[],"product_cat":[200,220,99921434,999],"product_tag":[],"_links":{"self":[{"href":"https:\/\/www.keramika.com\/slovenija\/wp-json\/wp\/v2\/product\/106915"}],"collection":[{"href":"https:\/\/www.keramika.com\/slovenija\/wp-json\/wp\/v2\/product"}],"about":[{"href":"https:\/\/www.keramika.com\/slovenija\/wp-json\/wp\/v2\/types\/product"}],"wp:featuredmedia":[{"embeddable":true,"href":"https:\/\/www.keramika.com\/slovenija\/wp-json\/wp\/v2\/media\/106916"}],"wp:attachment":[{"href":"https:\/\/www.keramika.com\/slovenija\/wp-json\/wp\/v2\/media?parent=106915"}],"wp:term":[{"taxonomy":"product_cat","embeddable":true,"href":"https:\/\/www.keramika.com\/slovenija\/wp-json\/wp\/v2\/product_cat?post=106915"},{"taxonomy":"product_tag","embeddable":true,"href":"https:\/\/www.keramika.com\/slovenija\/wp-json\/wp\/v2\/product_tag?post=106915"}],"curies":[{"name":"wp","href":"https:\/\/api.w.org\/{rel}","templated":true}]}}