{"id":106913,"date":"2017-03-23T02:04:36","date_gmt":"2017-03-23T02:04:36","guid":{"rendered":"http:\/\/keramika.holest.com\/slovenija\/product\/monopole-atalanta-beige\/"},"modified":"2026-01-04T00:03:55","modified_gmt":"2026-01-04T00:03:55","slug":"monopole-atalanta-beige","status":"publish","type":"product","link":"https:\/\/www.keramika.com\/slovenija\/monopole-atalanta-beige\/","title":{"rendered":"Monopole Atalanta Beige"},"content":{"rendered":"<p>Velikost te plo\u0161\u010dice je 45&#215;45 cm. Monopole Pav Mistral Marfil je pripeljana iz \u0160panije in je zelo kvalitetna. Keramika v be\u017e barvi popestri vsak prostor. Zaradi ni\u017ejih stro\u0161kov pri spletni prodaji boste na na\u0161i strani za to plo\u0161\u010dico od\u0161teli le 15,32 EUR. Plo\u0161\u010dica je debela kar 8,5 mm, kar jo uvr\u0161\u010da med bolj trde plo\u0161\u010dice.<\/p>\n<p>Kliknite na ime kolekcije za ogled vseh plo\u0161\u010dic iz te serije: <a class=\"pdfcatal\" href=\"\/\/www.ceramictiles.com\/pdf\/monopole\/catalogue_monopole_atalanta.pdf\" onclick=\"recordOutboundLink(this, 'E-mail', 'Description PDF');return false;\">Monopole Atalanta<\/a><\/p>\n<p>\u010ce \u017eelite naro\u010diti model iz pdf kataloga te kolekcije, nam pi\u0161ite na: <a href=\"mailto:keramoteka.salon@gmail.com\" onclick=\"recordOutboundLink(this, 'E-mail', 'Description mail');return false;\">keramoteka.salon@gmail.com<\/a> ali pa nas pokli\u010dite na: +386 31 255 900.<\/p>\n","protected":false},"excerpt":{"rendered":"<p>Velikost te plo\u0161\u010dice je 45&#215;45 cm. Monopole Pav Mistral Marfil je pripeljana iz \u0160panije in je zelo kvalitetna. Keramika v be\u017e barvi popestri vsak prostor. Zaradi ni\u017ejih stro\u0161kov pri spletni prodaji boste na na\u0161i strani za to plo\u0161\u010dico od\u0161teli le 15,32 EUR. Plo\u0161\u010dica je debela kar 8,5 mm, kar jo uvr\u0161\u010da med bolj trde plo\u0161\u010dice. [&hellip;]<\/p>\n","protected":false},"featured_media":106914,"template":"","meta":[],"product_cat":[200,220,99921434,999],"product_tag":[],"_links":{"self":[{"href":"https:\/\/www.keramika.com\/slovenija\/wp-json\/wp\/v2\/product\/106913"}],"collection":[{"href":"https:\/\/www.keramika.com\/slovenija\/wp-json\/wp\/v2\/product"}],"about":[{"href":"https:\/\/www.keramika.com\/slovenija\/wp-json\/wp\/v2\/types\/product"}],"wp:featuredmedia":[{"embeddable":true,"href":"https:\/\/www.keramika.com\/slovenija\/wp-json\/wp\/v2\/media\/106914"}],"wp:attachment":[{"href":"https:\/\/www.keramika.com\/slovenija\/wp-json\/wp\/v2\/media?parent=106913"}],"wp:term":[{"taxonomy":"product_cat","embeddable":true,"href":"https:\/\/www.keramika.com\/slovenija\/wp-json\/wp\/v2\/product_cat?post=106913"},{"taxonomy":"product_tag","embeddable":true,"href":"https:\/\/www.keramika.com\/slovenija\/wp-json\/wp\/v2\/product_tag?post=106913"}],"curies":[{"name":"wp","href":"https:\/\/api.w.org\/{rel}","templated":true}]}}