{"id":106905,"date":"2017-03-23T02:04:10","date_gmt":"2017-03-23T02:04:10","guid":{"rendered":"http:\/\/keramika.holest.com\/slovenija\/product\/monopole-antique-sky-blue\/"},"modified":"2026-01-04T00:03:55","modified_gmt":"2026-01-04T00:03:55","slug":"monopole-antique-sky-blue","status":"publish","type":"product","link":"https:\/\/www.keramika.com\/slovenija\/monopole-antique-sky-blue\/","title":{"rendered":"Monopole Antique Sky Blue"},"content":{"rendered":"<p>Ta model plo\u0161\u010dice se najbolje prodaja v modri barvi. Monopole Antique Sky je plo\u0161\u010dica proizvajalca Monopole in prihaja iz \u0160panije. Velikost te plo\u0161\u010dice je 10&#215;20 cm in je primerna za razli\u010dne povr\u0161ine. Plo\u0161\u010dica je debela kar 8,5 mm, kar jo uvr\u0161\u010da med bolj trde plo\u0161\u010dice. Monopole Antique Sky je na voljo po zelo ugodni ceni 31,68 EUR.<\/p>\n<p>Kliknite na ime kolekcije za ogled vseh plo\u0161\u010dic iz te serije: <a class=\"pdfcatal\" href=\"\/\/www.ceramictiles.com\/pdf\/monopole\/catalogue_monopole_antique_sky.pdf\" onclick=\"recordOutboundLink(this, 'E-mail', 'Description PDF');return false;\">Monopole Antique Sky<\/a><\/p>\n<p>\u010ce \u017eelite naro\u010diti model iz pdf kataloga te kolekcije, nam pi\u0161ite na: <a href=\"mailto:keramoteka.salon@gmail.com\" onclick=\"recordOutboundLink(this, 'E-mail', 'Description mail');return false;\">keramoteka.salon@gmail.com<\/a> ali pa nas pokli\u010dite na: +386 31 255 900.<\/p>\n","protected":false},"excerpt":{"rendered":"<p>Ta model plo\u0161\u010dice se najbolje prodaja v modri barvi. Monopole Antique Sky je plo\u0161\u010dica proizvajalca Monopole in prihaja iz \u0160panije. Velikost te plo\u0161\u010dice je 10&#215;20 cm in je primerna za razli\u010dne povr\u0161ine. Plo\u0161\u010dica je debela kar 8,5 mm, kar jo uvr\u0161\u010da med bolj trde plo\u0161\u010dice. Monopole Antique Sky je na voljo po zelo ugodni ceni [&hellip;]<\/p>\n","protected":false},"featured_media":106906,"template":"","meta":[],"product_cat":[200,220,99921434,999],"product_tag":[],"_links":{"self":[{"href":"https:\/\/www.keramika.com\/slovenija\/wp-json\/wp\/v2\/product\/106905"}],"collection":[{"href":"https:\/\/www.keramika.com\/slovenija\/wp-json\/wp\/v2\/product"}],"about":[{"href":"https:\/\/www.keramika.com\/slovenija\/wp-json\/wp\/v2\/types\/product"}],"wp:featuredmedia":[{"embeddable":true,"href":"https:\/\/www.keramika.com\/slovenija\/wp-json\/wp\/v2\/media\/106906"}],"wp:attachment":[{"href":"https:\/\/www.keramika.com\/slovenija\/wp-json\/wp\/v2\/media?parent=106905"}],"wp:term":[{"taxonomy":"product_cat","embeddable":true,"href":"https:\/\/www.keramika.com\/slovenija\/wp-json\/wp\/v2\/product_cat?post=106905"},{"taxonomy":"product_tag","embeddable":true,"href":"https:\/\/www.keramika.com\/slovenija\/wp-json\/wp\/v2\/product_tag?post=106905"}],"curies":[{"name":"wp","href":"https:\/\/api.w.org\/{rel}","templated":true}]}}