{"id":106901,"date":"2017-03-23T02:03:57","date_gmt":"2017-03-23T02:03:57","guid":{"rendered":"http:\/\/keramika.holest.com\/slovenija\/product\/monopole-antique-marron-pav-brown\/"},"modified":"2026-01-04T00:03:54","modified_gmt":"2026-01-04T00:03:54","slug":"monopole-antique-marron-pav-brown","status":"publish","type":"product","link":"https:\/\/www.keramika.com\/slovenija\/monopole-antique-marron-pav-brown\/","title":{"rendered":"Monopole Antique Marron Pav Brown"},"content":{"rendered":"<p>Dimenzije te plo\u0161\u010dice so 31,6&#215;31,6 cm. Ta kerami\u010dna plo\u0161\u010dica v \u010dudoviti rjavi barvi bo obogatila vsak prostor. Redna cena te plo\u0161\u010dice v maloprodaji zna\u0161a 31,35 EUR, v na\u0161i spletni trgovini pa jo lahko dobite \u017ee za 25,08 EUR. Plo\u0161\u010dica je debela kar 8,5 mm, kar jo uvr\u0161\u010da med bolj trde plo\u0161\u010dice. Prihaja iz \u0160panije, ki po svetu slovi kot ena bolj\u0161ih proizvajalk kerami\u010dnih plo\u0161\u010dic.<\/p>\n<p>Kliknite na ime kolekcije za ogled vseh plo\u0161\u010dic iz te serije: <a class=\"pdfcatal\" href=\"\/\/www.ceramictiles.com\/pdf\/monopole\/catalogue_monopole_antique_marron_pav.pdf\" onclick=\"recordOutboundLink(this, 'E-mail', 'Description PDF');return false;\">Monopole Antique Marron Pav<\/a><\/p>\n<p>\u010ce \u017eelite naro\u010diti model iz pdf kataloga te kolekcije, nam pi\u0161ite na: <a href=\"mailto:keramoteka.salon@gmail.com\" onclick=\"recordOutboundLink(this, 'E-mail', 'Description mail');return false;\">keramoteka.salon@gmail.com<\/a> ali pa nas pokli\u010dite na: +386 31 255 900.<\/p>\n","protected":false},"excerpt":{"rendered":"<p>Dimenzije te plo\u0161\u010dice so 31,6&#215;31,6 cm. Ta kerami\u010dna plo\u0161\u010dica v \u010dudoviti rjavi barvi bo obogatila vsak prostor. Redna cena te plo\u0161\u010dice v maloprodaji zna\u0161a 31,35 EUR, v na\u0161i spletni trgovini pa jo lahko dobite \u017ee za 25,08 EUR. Plo\u0161\u010dica je debela kar 8,5 mm, kar jo uvr\u0161\u010da med bolj trde plo\u0161\u010dice. Prihaja iz \u0160panije, ki [&hellip;]<\/p>\n","protected":false},"featured_media":106902,"template":"","meta":[],"product_cat":[200,220,99921434,999],"product_tag":[],"_links":{"self":[{"href":"https:\/\/www.keramika.com\/slovenija\/wp-json\/wp\/v2\/product\/106901"}],"collection":[{"href":"https:\/\/www.keramika.com\/slovenija\/wp-json\/wp\/v2\/product"}],"about":[{"href":"https:\/\/www.keramika.com\/slovenija\/wp-json\/wp\/v2\/types\/product"}],"wp:featuredmedia":[{"embeddable":true,"href":"https:\/\/www.keramika.com\/slovenija\/wp-json\/wp\/v2\/media\/106902"}],"wp:attachment":[{"href":"https:\/\/www.keramika.com\/slovenija\/wp-json\/wp\/v2\/media?parent=106901"}],"wp:term":[{"taxonomy":"product_cat","embeddable":true,"href":"https:\/\/www.keramika.com\/slovenija\/wp-json\/wp\/v2\/product_cat?post=106901"},{"taxonomy":"product_tag","embeddable":true,"href":"https:\/\/www.keramika.com\/slovenija\/wp-json\/wp\/v2\/product_tag?post=106901"}],"curies":[{"name":"wp","href":"https:\/\/api.w.org\/{rel}","templated":true}]}}