{"id":106893,"date":"2017-03-23T02:03:33","date_gmt":"2017-03-23T02:03:33","guid":{"rendered":"http:\/\/keramika.holest.com\/slovenija\/product\/monopole-antique-gris\/"},"modified":"2026-01-04T00:03:54","modified_gmt":"2026-01-04T00:03:54","slug":"monopole-antique-gris","status":"publish","type":"product","link":"https:\/\/www.keramika.com\/slovenija\/monopole-antique-gris\/","title":{"rendered":"Monopole Antique Gris"},"content":{"rendered":"<p>42,58 EUR v klasi\u010dni trgovini, pri nas pa le 34,06 EUR. 8,5 mm debeline je dovolj tudi za zahtevnej\u0161e kupce. Ta plo\u0161\u010dica prihaja iz \u0160panije, ki je znana po kvalitetni keramiki. Plo\u0161\u010dica na sliki je velika 10&#215;30 cm. Zelo moderna plo\u0161\u010dica v sivi barvi popestri prav vsak prostor.<\/p>\n<p>Kliknite na ime kolekcije za ogled vseh plo\u0161\u010dic iz te serije: <a class=\"pdfcatal\" href=\"\/\/www.ceramictiles.com\/pdf\/monopole\/catalogue_monopole_antique_gris.pdf\" onclick=\"recordOutboundLink(this, 'E-mail', 'Description PDF');return false;\">Monopole Antique Gris<\/a><\/p>\n<p>\u010ce \u017eelite naro\u010diti model iz pdf kataloga te kolekcije, nam pi\u0161ite na: <a href=\"mailto:keramoteka.salon@gmail.com\" onclick=\"recordOutboundLink(this, 'E-mail', 'Description mail');return false;\">keramoteka.salon@gmail.com<\/a> ali pa nas pokli\u010dite na: +386 31 255 900.<\/p>\n","protected":false},"excerpt":{"rendered":"<p>42,58 EUR v klasi\u010dni trgovini, pri nas pa le 34,06 EUR. 8,5 mm debeline je dovolj tudi za zahtevnej\u0161e kupce. Ta plo\u0161\u010dica prihaja iz \u0160panije, ki je znana po kvalitetni keramiki. Plo\u0161\u010dica na sliki je velika 10&#215;30 cm. Zelo moderna plo\u0161\u010dica v sivi barvi popestri prav vsak prostor. Kliknite na ime kolekcije za ogled vseh [&hellip;]<\/p>\n","protected":false},"featured_media":106894,"template":"","meta":[],"product_cat":[200,220,99921434,999],"product_tag":[],"_links":{"self":[{"href":"https:\/\/www.keramika.com\/slovenija\/wp-json\/wp\/v2\/product\/106893"}],"collection":[{"href":"https:\/\/www.keramika.com\/slovenija\/wp-json\/wp\/v2\/product"}],"about":[{"href":"https:\/\/www.keramika.com\/slovenija\/wp-json\/wp\/v2\/types\/product"}],"wp:featuredmedia":[{"embeddable":true,"href":"https:\/\/www.keramika.com\/slovenija\/wp-json\/wp\/v2\/media\/106894"}],"wp:attachment":[{"href":"https:\/\/www.keramika.com\/slovenija\/wp-json\/wp\/v2\/media?parent=106893"}],"wp:term":[{"taxonomy":"product_cat","embeddable":true,"href":"https:\/\/www.keramika.com\/slovenija\/wp-json\/wp\/v2\/product_cat?post=106893"},{"taxonomy":"product_tag","embeddable":true,"href":"https:\/\/www.keramika.com\/slovenija\/wp-json\/wp\/v2\/product_tag?post=106893"}],"curies":[{"name":"wp","href":"https:\/\/api.w.org\/{rel}","templated":true}]}}