{"id":106879,"date":"2017-03-23T02:02:35","date_gmt":"2017-03-23T02:02:35","guid":{"rendered":"http:\/\/keramika.holest.com\/slovenija\/product\/white-gloss-45x90\/"},"modified":"2026-01-04T00:03:52","modified_gmt":"2026-01-04T00:03:52","slug":"white-gloss-45x90","status":"publish","type":"product","link":"https:\/\/www.keramika.com\/slovenija\/white-gloss-45x90\/","title":{"rendered":"White Gloss 45&#215;90"},"content":{"rendered":"<p>Plo\u0161\u010dica je debela kar 8 mm, kar jo uvr\u0161\u010da med bolj trde plo\u0161\u010dice. Na spletu boste za to plo\u0161\u010dico od\u0161teli le 76 EUR, medtem ko v redni prodaji cena zna\u0161a 95 EUR. White Gloss 45&#215;90 je plo\u0161\u010dica proizvajalca e-Ceramica in prihaja iz \u0160panije. Ta model plo\u0161\u010dice se najbolje prodaja v beli barvi. Z velikostjo 45&#215;90 cm je ta plo\u0161\u010dica primerna ze razli\u010dne povr\u0161ine.<\/p>\n<p>Kliknite na ime kolekcije za ogled vseh plo\u0161\u010dic iz te serije: <a class=\"pdfcatal\" href=\"\/\/www.ceramictiles.com\/pdf\/e-ceramica\/blancos_catalogue.pdf\" onclick=\"recordOutboundLink(this, 'E-mail', 'Description PDF');return false;\">e-Ceramica White ceramic tiles<\/a><\/p>\n<p>\u010ce \u017eelite naro\u010diti model iz pdf kataloga te kolekcije, nam pi\u0161ite na: <a href=\"mailto:keramoteka.salon@gmail.com\" onclick=\"recordOutboundLink(this, 'E-mail', 'Description mail');return false;\">keramoteka.salon@gmail.com<\/a> ali pa nas pokli\u010dite na: +386 31 255 900.<\/p>\n<p>Technical description: Full pallet orders only<\/p>\n","protected":false},"excerpt":{"rendered":"<p>Plo\u0161\u010dica je debela kar 8 mm, kar jo uvr\u0161\u010da med bolj trde plo\u0161\u010dice. Na spletu boste za to plo\u0161\u010dico od\u0161teli le 76 EUR, medtem ko v redni prodaji cena zna\u0161a 95 EUR. White Gloss 45&#215;90 je plo\u0161\u010dica proizvajalca e-Ceramica in prihaja iz \u0160panije. Ta model plo\u0161\u010dice se najbolje prodaja v beli barvi. Z velikostjo 45&#215;90 [&hellip;]<\/p>\n","protected":false},"featured_media":106880,"template":"","meta":[],"product_cat":[210,99921414,200,999],"product_tag":[],"_links":{"self":[{"href":"https:\/\/www.keramika.com\/slovenija\/wp-json\/wp\/v2\/product\/106879"}],"collection":[{"href":"https:\/\/www.keramika.com\/slovenija\/wp-json\/wp\/v2\/product"}],"about":[{"href":"https:\/\/www.keramika.com\/slovenija\/wp-json\/wp\/v2\/types\/product"}],"wp:featuredmedia":[{"embeddable":true,"href":"https:\/\/www.keramika.com\/slovenija\/wp-json\/wp\/v2\/media\/106880"}],"wp:attachment":[{"href":"https:\/\/www.keramika.com\/slovenija\/wp-json\/wp\/v2\/media?parent=106879"}],"wp:term":[{"taxonomy":"product_cat","embeddable":true,"href":"https:\/\/www.keramika.com\/slovenija\/wp-json\/wp\/v2\/product_cat?post=106879"},{"taxonomy":"product_tag","embeddable":true,"href":"https:\/\/www.keramika.com\/slovenija\/wp-json\/wp\/v2\/product_tag?post=106879"}],"curies":[{"name":"wp","href":"https:\/\/api.w.org\/{rel}","templated":true}]}}