{"id":106869,"date":"2017-03-23T02:01:58","date_gmt":"2017-03-23T02:01:58","guid":{"rendered":"http:\/\/keramika.holest.com\/slovenija\/product\/white-matt-11x90\/"},"modified":"2026-01-04T00:03:52","modified_gmt":"2026-01-04T00:03:52","slug":"white-matt-11x90","status":"publish","type":"product","link":"https:\/\/www.keramika.com\/slovenija\/white-matt-11x90\/","title":{"rendered":"White Matt 11&#215;90"},"content":{"rendered":"<p>Ta plo\u0161\u010dica je debela 8 mm in je zelo trpe\u017ena. Plo\u0161\u010dica na sliki je velika 15&#215;90 cm. 95 EUR v klasi\u010dni trgovini, pri nas pa le 76 EUR. Letos so plo\u0161\u010dice v beli barvi zelo za\u017eeljene. Ta plo\u0161\u010dica prihaja iz \u0160panije, ki je znana po kvalitetni keramiki.<\/p>\n<p>Kliknite na ime kolekcije za ogled vseh plo\u0161\u010dic iz te serije: <a class=\"pdfcatal\" href=\"\/\/www.ceramictiles.com\/pdf\/e-ceramica\/blancos_catalogue.pdf\" onclick=\"recordOutboundLink(this, 'E-mail', 'Description PDF');return false;\">e-Ceramica White ceramic tiles<\/a><\/p>\n<p>\u010ce \u017eelite naro\u010diti model iz pdf kataloga te kolekcije, nam pi\u0161ite na: <a href=\"mailto:keramoteka.salon@gmail.com\" onclick=\"recordOutboundLink(this, 'E-mail', 'Description mail');return false;\">keramoteka.salon@gmail.com<\/a> ali pa nas pokli\u010dite na: +386 31 255 900.<\/p>\n<p>Technical description: 11&#215;90<\/p>\n<p>Full pallet orders only<\/p>\n","protected":false},"excerpt":{"rendered":"<p>Ta plo\u0161\u010dica je debela 8 mm in je zelo trpe\u017ena. Plo\u0161\u010dica na sliki je velika 15&#215;90 cm. 95 EUR v klasi\u010dni trgovini, pri nas pa le 76 EUR. Letos so plo\u0161\u010dice v beli barvi zelo za\u017eeljene. Ta plo\u0161\u010dica prihaja iz \u0160panije, ki je znana po kvalitetni keramiki. Kliknite na ime kolekcije za ogled vseh plo\u0161\u010dic [&hellip;]<\/p>\n","protected":false},"featured_media":106870,"template":"","meta":[],"product_cat":[210,99921414,200,999],"product_tag":[],"_links":{"self":[{"href":"https:\/\/www.keramika.com\/slovenija\/wp-json\/wp\/v2\/product\/106869"}],"collection":[{"href":"https:\/\/www.keramika.com\/slovenija\/wp-json\/wp\/v2\/product"}],"about":[{"href":"https:\/\/www.keramika.com\/slovenija\/wp-json\/wp\/v2\/types\/product"}],"wp:featuredmedia":[{"embeddable":true,"href":"https:\/\/www.keramika.com\/slovenija\/wp-json\/wp\/v2\/media\/106870"}],"wp:attachment":[{"href":"https:\/\/www.keramika.com\/slovenija\/wp-json\/wp\/v2\/media?parent=106869"}],"wp:term":[{"taxonomy":"product_cat","embeddable":true,"href":"https:\/\/www.keramika.com\/slovenija\/wp-json\/wp\/v2\/product_cat?post=106869"},{"taxonomy":"product_tag","embeddable":true,"href":"https:\/\/www.keramika.com\/slovenija\/wp-json\/wp\/v2\/product_tag?post=106869"}],"curies":[{"name":"wp","href":"https:\/\/api.w.org\/{rel}","templated":true}]}}