{"id":106861,"date":"2017-03-23T02:01:27","date_gmt":"2017-03-23T02:01:27","guid":{"rendered":"http:\/\/keramika.holest.com\/slovenija\/product\/white-gloss-60x60\/"},"modified":"2026-01-04T00:03:51","modified_gmt":"2026-01-04T00:03:51","slug":"white-gloss-60x60","status":"publish","type":"product","link":"https:\/\/www.keramika.com\/slovenija\/white-gloss-60x60\/","title":{"rendered":"White Gloss 60&#215;60"},"content":{"rendered":"<p>White Gloss 60&#215;60 prihaja iz \u0160panije, ki je znana po zelo kvalitetni keramiki v svetovnem merilu. 8 mm je debelina, ki zadovolji tudi zahtevnej\u0161e kupce. Dimenzije te plo\u0161\u010dice so 60&#215;60 cm. Pri izbiri plo\u0161\u010dice v beli barvi ne morete zgre\u0161iti. Redna cena te plo\u0161\u010dice v maloprodaji zna\u0161a 66,25 EUR, v na\u0161i spletni trgovini pa jo lahko dobite \u017ee za 53 EUR.<\/p>\n<p>Kliknite na ime kolekcije za ogled vseh plo\u0161\u010dic iz te serije: <a class=\"pdfcatal\" href=\"\/\/www.ceramictiles.com\/pdf\/e-ceramica\/blancos_catalogue.pdf\" onclick=\"recordOutboundLink(this, 'E-mail', 'Description PDF');return false;\">e-Ceramica White ceramic tiles<\/a><\/p>\n<p>\u010ce \u017eelite naro\u010diti model iz pdf kataloga te kolekcije, nam pi\u0161ite na: <a href=\"mailto:keramoteka.salon@gmail.com\" onclick=\"recordOutboundLink(this, 'E-mail', 'Description mail');return false;\">keramoteka.salon@gmail.com<\/a> ali pa nas pokli\u010dite na: +386 31 255 900.<\/p>\n<p>Technical description: Full pallet orders only<\/p>\n","protected":false},"excerpt":{"rendered":"<p>White Gloss 60&#215;60 prihaja iz \u0160panije, ki je znana po zelo kvalitetni keramiki v svetovnem merilu. 8 mm je debelina, ki zadovolji tudi zahtevnej\u0161e kupce. Dimenzije te plo\u0161\u010dice so 60&#215;60 cm. Pri izbiri plo\u0161\u010dice v beli barvi ne morete zgre\u0161iti. Redna cena te plo\u0161\u010dice v maloprodaji zna\u0161a 66,25 EUR, v na\u0161i spletni trgovini pa jo [&hellip;]<\/p>\n","protected":false},"featured_media":106862,"template":"","meta":[],"product_cat":[210,99921414,200,999],"product_tag":[],"_links":{"self":[{"href":"https:\/\/www.keramika.com\/slovenija\/wp-json\/wp\/v2\/product\/106861"}],"collection":[{"href":"https:\/\/www.keramika.com\/slovenija\/wp-json\/wp\/v2\/product"}],"about":[{"href":"https:\/\/www.keramika.com\/slovenija\/wp-json\/wp\/v2\/types\/product"}],"wp:featuredmedia":[{"embeddable":true,"href":"https:\/\/www.keramika.com\/slovenija\/wp-json\/wp\/v2\/media\/106862"}],"wp:attachment":[{"href":"https:\/\/www.keramika.com\/slovenija\/wp-json\/wp\/v2\/media?parent=106861"}],"wp:term":[{"taxonomy":"product_cat","embeddable":true,"href":"https:\/\/www.keramika.com\/slovenija\/wp-json\/wp\/v2\/product_cat?post=106861"},{"taxonomy":"product_tag","embeddable":true,"href":"https:\/\/www.keramika.com\/slovenija\/wp-json\/wp\/v2\/product_tag?post=106861"}],"curies":[{"name":"wp","href":"https:\/\/api.w.org\/{rel}","templated":true}]}}