{"id":106859,"date":"2017-03-23T02:01:20","date_gmt":"2017-03-23T02:01:20","guid":{"rendered":"http:\/\/keramika.holest.com\/slovenija\/product\/white-polished-15x60\/"},"modified":"2026-01-04T00:03:51","modified_gmt":"2026-01-04T00:03:51","slug":"white-polished-15x60","status":"publish","type":"product","link":"https:\/\/www.keramika.com\/slovenija\/white-polished-15x60\/","title":{"rendered":"White Polished 15&#215;60"},"content":{"rendered":"<p>Keramika v beli barvi popestri vsak prostor. \u0160irina in dol\u017eina te plo\u0161\u010dice sta 15&#215;60 cm. Ta plo\u0161\u010dica je debela 8 mm in je zelo trpe\u017ena. To plo\u0161\u010dico je izdelal proizvajalec e-Ceramica, ki prihaja iz \u0160panije. Zaradi ni\u017ejih stro\u0161kov pri spletni prodaji boste na na\u0161i strani za to plo\u0161\u010dico od\u0161teli le 83 EUR.<\/p>\n<p>Kliknite na ime kolekcije za ogled vseh plo\u0161\u010dic iz te serije: <a class=\"pdfcatal\" href=\"\/\/www.ceramictiles.com\/pdf\/e-ceramica\/blancos_catalogue.pdf\" onclick=\"recordOutboundLink(this, 'E-mail', 'Description PDF');return false;\">e-Ceramica White ceramic tiles<\/a><\/p>\n<p>\u010ce \u017eelite naro\u010diti model iz pdf kataloga te kolekcije, nam pi\u0161ite na: <a href=\"mailto:keramoteka.salon@gmail.com\" onclick=\"recordOutboundLink(this, 'E-mail', 'Description mail');return false;\">keramoteka.salon@gmail.com<\/a> ali pa nas pokli\u010dite na: +386 31 255 900.<\/p>\n<p>Technical description: Full pallet orders only<\/p>\n","protected":false},"excerpt":{"rendered":"<p>Keramika v beli barvi popestri vsak prostor. \u0160irina in dol\u017eina te plo\u0161\u010dice sta 15&#215;60 cm. Ta plo\u0161\u010dica je debela 8 mm in je zelo trpe\u017ena. To plo\u0161\u010dico je izdelal proizvajalec e-Ceramica, ki prihaja iz \u0160panije. Zaradi ni\u017ejih stro\u0161kov pri spletni prodaji boste na na\u0161i strani za to plo\u0161\u010dico od\u0161teli le 83 EUR. Kliknite na ime [&hellip;]<\/p>\n","protected":false},"featured_media":106860,"template":"","meta":[],"product_cat":[210,99921414,200,999],"product_tag":[],"_links":{"self":[{"href":"https:\/\/www.keramika.com\/slovenija\/wp-json\/wp\/v2\/product\/106859"}],"collection":[{"href":"https:\/\/www.keramika.com\/slovenija\/wp-json\/wp\/v2\/product"}],"about":[{"href":"https:\/\/www.keramika.com\/slovenija\/wp-json\/wp\/v2\/types\/product"}],"wp:featuredmedia":[{"embeddable":true,"href":"https:\/\/www.keramika.com\/slovenija\/wp-json\/wp\/v2\/media\/106860"}],"wp:attachment":[{"href":"https:\/\/www.keramika.com\/slovenija\/wp-json\/wp\/v2\/media?parent=106859"}],"wp:term":[{"taxonomy":"product_cat","embeddable":true,"href":"https:\/\/www.keramika.com\/slovenija\/wp-json\/wp\/v2\/product_cat?post=106859"},{"taxonomy":"product_tag","embeddable":true,"href":"https:\/\/www.keramika.com\/slovenija\/wp-json\/wp\/v2\/product_tag?post=106859"}],"curies":[{"name":"wp","href":"https:\/\/api.w.org\/{rel}","templated":true}]}}