{"id":106845,"date":"2017-03-23T02:00:24","date_gmt":"2017-03-23T02:00:24","guid":{"rendered":"http:\/\/keramika.holest.com\/slovenija\/product\/blanco-brillo-20x40\/"},"modified":"2026-01-04T00:03:49","modified_gmt":"2026-01-04T00:03:49","slug":"blanco-brillo-20x40","status":"publish","type":"product","link":"https:\/\/www.keramika.com\/slovenija\/blanco-brillo-20x40\/","title":{"rendered":"Blanco Brillo 20&#215;40"},"content":{"rendered":"<p>Blanco Brillo 20&#215;40 je na voljo po zelo ugodni ceni 13,4 EUR. Debelina kar 8 mm dela to plo\u0161\u010dico zelo trpe\u017eno in presti\u017eno na otip. Zelo moderna plo\u0161\u010dica v beli barvi popestri prav vsak prostor. To plo\u0161\u010dico je izdelal proizvajalec e-Ceramica, ki prihaja iz \u0160panije. Z 20&#215;40 cm je ta plo\u0161\u010dica primerna za razli\u010dne podlage.<\/p>\n<p>Kliknite na ime kolekcije za ogled vseh plo\u0161\u010dic iz te serije: <a class=\"pdfcatal\" href=\"\/\/www.ceramictiles.com\/pdf\/e-ceramica\/blancos_catalogue.pdf\" onclick=\"recordOutboundLink(this, 'E-mail', 'Description PDF');return false;\">e-Ceramica White ceramic tiles<\/a><\/p>\n<p>\u010ce \u017eelite naro\u010diti model iz pdf kataloga te kolekcije, nam pi\u0161ite na: <a href=\"mailto:keramoteka.salon@gmail.com\" onclick=\"recordOutboundLink(this, 'E-mail', 'Description mail');return false;\">keramoteka.salon@gmail.com<\/a> ali pa nas pokli\u010dite na: +386 31 255 900.<\/p>\n<p>Technical description: Full pallet orders only<\/p>\n","protected":false},"excerpt":{"rendered":"<p>Blanco Brillo 20&#215;40 je na voljo po zelo ugodni ceni 13,4 EUR. Debelina kar 8 mm dela to plo\u0161\u010dico zelo trpe\u017eno in presti\u017eno na otip. Zelo moderna plo\u0161\u010dica v beli barvi popestri prav vsak prostor. To plo\u0161\u010dico je izdelal proizvajalec e-Ceramica, ki prihaja iz \u0160panije. Z 20&#215;40 cm je ta plo\u0161\u010dica primerna za razli\u010dne podlage. [&hellip;]<\/p>\n","protected":false},"featured_media":106846,"template":"","meta":[],"product_cat":[210,99921414,200,999],"product_tag":[],"_links":{"self":[{"href":"https:\/\/www.keramika.com\/slovenija\/wp-json\/wp\/v2\/product\/106845"}],"collection":[{"href":"https:\/\/www.keramika.com\/slovenija\/wp-json\/wp\/v2\/product"}],"about":[{"href":"https:\/\/www.keramika.com\/slovenija\/wp-json\/wp\/v2\/types\/product"}],"wp:featuredmedia":[{"embeddable":true,"href":"https:\/\/www.keramika.com\/slovenija\/wp-json\/wp\/v2\/media\/106846"}],"wp:attachment":[{"href":"https:\/\/www.keramika.com\/slovenija\/wp-json\/wp\/v2\/media?parent=106845"}],"wp:term":[{"taxonomy":"product_cat","embeddable":true,"href":"https:\/\/www.keramika.com\/slovenija\/wp-json\/wp\/v2\/product_cat?post=106845"},{"taxonomy":"product_tag","embeddable":true,"href":"https:\/\/www.keramika.com\/slovenija\/wp-json\/wp\/v2\/product_tag?post=106845"}],"curies":[{"name":"wp","href":"https:\/\/api.w.org\/{rel}","templated":true}]}}