{"id":106825,"date":"2017-03-23T01:59:05","date_gmt":"2017-03-23T01:59:05","guid":{"rendered":"http:\/\/keramika.holest.com\/slovenija\/product\/settecento-bissel-blanco-brillo-75x30\/"},"modified":"2026-01-04T00:03:47","modified_gmt":"2026-01-04T00:03:47","slug":"settecento-bissel-blanco-brillo-75x30","status":"publish","type":"product","link":"https:\/\/www.keramika.com\/slovenija\/settecento-bissel-blanco-brillo-75x30\/","title":{"rendered":"Settecento Bissel Blanco Brillo 7,5&#215;30"},"content":{"rendered":"<p>Ta kerami\u010dna plo\u0161\u010dica v \u010dudoviti beli barvi bo obogatila vsak prostor. Na spletu boste za to plo\u0161\u010dico od\u0161teli le 40,7 EUR, medtem ko v redni prodaji cena zna\u0161a 50,88 EUR. Z velikostjo 7,5&#215;30 cm je ta plo\u0161\u010dica primerna ze razli\u010dne povr\u0161ine. Plo\u0161\u010dica je debela kar 8 mm, kar jo uvr\u0161\u010da med bolj trde plo\u0161\u010dice. Ta plo\u0161\u010dica prihaja iz \u0160panije, ki je znana po kvalitetni keramiki.<\/p>\n<p>Kliknite na ime kolekcije za ogled vseh plo\u0161\u010dic iz te serije: <a class=\"pdfcatal\" href=\"\/\/www.ceramictiles.com\/pdf\/e-ceramica\/blancos_catalogue.pdf\" onclick=\"recordOutboundLink(this, 'E-mail', 'Description PDF');return false;\">e-Ceramica White ceramic tiles<\/a><\/p>\n<p>\u010ce \u017eelite naro\u010diti model iz pdf kataloga te kolekcije, nam pi\u0161ite na: <a href=\"mailto:keramoteka.salon@gmail.com\" onclick=\"recordOutboundLink(this, 'E-mail', 'Description mail');return false;\">keramoteka.salon@gmail.com<\/a> ali pa nas pokli\u010dite na: +386 31 255 900.<\/p>\n<p>Technical description: Full pallet orders only<\/p>\n","protected":false},"excerpt":{"rendered":"<p>Ta kerami\u010dna plo\u0161\u010dica v \u010dudoviti beli barvi bo obogatila vsak prostor. Na spletu boste za to plo\u0161\u010dico od\u0161teli le 40,7 EUR, medtem ko v redni prodaji cena zna\u0161a 50,88 EUR. Z velikostjo 7,5&#215;30 cm je ta plo\u0161\u010dica primerna ze razli\u010dne povr\u0161ine. Plo\u0161\u010dica je debela kar 8 mm, kar jo uvr\u0161\u010da med bolj trde plo\u0161\u010dice. Ta [&hellip;]<\/p>\n","protected":false},"featured_media":106826,"template":"","meta":[],"product_cat":[210,99921414,200,999],"product_tag":[],"_links":{"self":[{"href":"https:\/\/www.keramika.com\/slovenija\/wp-json\/wp\/v2\/product\/106825"}],"collection":[{"href":"https:\/\/www.keramika.com\/slovenija\/wp-json\/wp\/v2\/product"}],"about":[{"href":"https:\/\/www.keramika.com\/slovenija\/wp-json\/wp\/v2\/types\/product"}],"wp:featuredmedia":[{"embeddable":true,"href":"https:\/\/www.keramika.com\/slovenija\/wp-json\/wp\/v2\/media\/106826"}],"wp:attachment":[{"href":"https:\/\/www.keramika.com\/slovenija\/wp-json\/wp\/v2\/media?parent=106825"}],"wp:term":[{"taxonomy":"product_cat","embeddable":true,"href":"https:\/\/www.keramika.com\/slovenija\/wp-json\/wp\/v2\/product_cat?post=106825"},{"taxonomy":"product_tag","embeddable":true,"href":"https:\/\/www.keramika.com\/slovenija\/wp-json\/wp\/v2\/product_tag?post=106825"}],"curies":[{"name":"wp","href":"https:\/\/api.w.org\/{rel}","templated":true}]}}