{"id":106823,"date":"2017-03-23T01:58:57","date_gmt":"2017-03-23T01:58:57","guid":{"rendered":"http:\/\/keramika.holest.com\/slovenija\/product\/blanco-14x28\/"},"modified":"2026-01-04T00:03:47","modified_gmt":"2026-01-04T00:03:47","slug":"blanco-14x28","status":"publish","type":"product","link":"https:\/\/www.keramika.com\/slovenija\/blanco-14x28\/","title":{"rendered":"Blanco 14&#215;28"},"content":{"rendered":"<p>8 mm je debelina, ki zadovolji tudi zahtevnej\u0161e kupce. Z velikostjo 14&#215;28 cm je ta plo\u0161\u010dica primerna ze razli\u010dne povr\u0161ine. Blanco 14&#215;28 je na voljo po zelo ugodni ceni 22,58 EUR. Zelo moderna plo\u0161\u010dica v beli barvi popestri prav vsak prostor. Prihaja iz \u0160panije, ki po svetu slovi kot ena bolj\u0161ih proizvajalk kerami\u010dnih plo\u0161\u010dic.<\/p>\n<p>Kliknite na ime kolekcije za ogled vseh plo\u0161\u010dic iz te serije: <a class=\"pdfcatal\" href=\"\/\/www.ceramictiles.com\/pdf\/e-ceramica\/blancos_catalogue.pdf\" onclick=\"recordOutboundLink(this, 'E-mail', 'Description PDF');return false;\">e-Ceramica White ceramic tiles<\/a><\/p>\n<p>\u010ce \u017eelite naro\u010diti model iz pdf kataloga te kolekcije, nam pi\u0161ite na: <a href=\"mailto:keramoteka.salon@gmail.com\" onclick=\"recordOutboundLink(this, 'E-mail', 'Description mail');return false;\">keramoteka.salon@gmail.com<\/a> ali pa nas pokli\u010dite na: +386 31 255 900.<\/p>\n<p>Technical description: Full pallet orders only<\/p>\n","protected":false},"excerpt":{"rendered":"<p>8 mm je debelina, ki zadovolji tudi zahtevnej\u0161e kupce. Z velikostjo 14&#215;28 cm je ta plo\u0161\u010dica primerna ze razli\u010dne povr\u0161ine. Blanco 14&#215;28 je na voljo po zelo ugodni ceni 22,58 EUR. Zelo moderna plo\u0161\u010dica v beli barvi popestri prav vsak prostor. Prihaja iz \u0160panije, ki po svetu slovi kot ena bolj\u0161ih proizvajalk kerami\u010dnih plo\u0161\u010dic. Kliknite [&hellip;]<\/p>\n","protected":false},"featured_media":106824,"template":"","meta":[],"product_cat":[210,99921414,200,999],"product_tag":[],"_links":{"self":[{"href":"https:\/\/www.keramika.com\/slovenija\/wp-json\/wp\/v2\/product\/106823"}],"collection":[{"href":"https:\/\/www.keramika.com\/slovenija\/wp-json\/wp\/v2\/product"}],"about":[{"href":"https:\/\/www.keramika.com\/slovenija\/wp-json\/wp\/v2\/types\/product"}],"wp:featuredmedia":[{"embeddable":true,"href":"https:\/\/www.keramika.com\/slovenija\/wp-json\/wp\/v2\/media\/106824"}],"wp:attachment":[{"href":"https:\/\/www.keramika.com\/slovenija\/wp-json\/wp\/v2\/media?parent=106823"}],"wp:term":[{"taxonomy":"product_cat","embeddable":true,"href":"https:\/\/www.keramika.com\/slovenija\/wp-json\/wp\/v2\/product_cat?post=106823"},{"taxonomy":"product_tag","embeddable":true,"href":"https:\/\/www.keramika.com\/slovenija\/wp-json\/wp\/v2\/product_tag?post=106823"}],"curies":[{"name":"wp","href":"https:\/\/api.w.org\/{rel}","templated":true}]}}