{"id":106809,"date":"2017-03-23T01:58:05","date_gmt":"2017-03-23T01:58:05","guid":{"rendered":"http:\/\/keramika.holest.com\/slovenija\/product\/blanco-brillo-liso-10x30\/"},"modified":"2026-01-04T00:03:46","modified_gmt":"2026-01-04T00:03:46","slug":"blanco-brillo-liso-10x30","status":"publish","type":"product","link":"https:\/\/www.keramika.com\/slovenija\/blanco-brillo-liso-10x30\/","title":{"rendered":"Blanco Brillo Liso 10&#215;30"},"content":{"rendered":"<p>Na spletu boste za to plo\u0161\u010dico od\u0161teli le 20,4 EUR, medtem ko v redni prodaji cena zna\u0161a 25,5 EUR. 8 mm debeline je dovolj tudi za zahtevnej\u0161e kupce. Plo\u0161\u010dica na sliki je velika 10&#215;30 cm. Pri izbiri plo\u0161\u010dice v beli barvi ne morete zgre\u0161iti. Blanco Brillo Liso 10&#215;30 je plo\u0161\u010dica proizvajalca e-Ceramica in prihaja iz \u0160panije.<\/p>\n<p>Kliknite na ime kolekcije za ogled vseh plo\u0161\u010dic iz te serije: <a class=\"pdfcatal\" href=\"\/\/www.ceramictiles.com\/pdf\/e-ceramica\/blancos_catalogue.pdf\" onclick=\"recordOutboundLink(this, 'E-mail', 'Description PDF');return false;\">e-Ceramica White ceramic tiles<\/a><\/p>\n<p>\u010ce \u017eelite naro\u010diti model iz pdf kataloga te kolekcije, nam pi\u0161ite na: <a href=\"mailto:keramoteka.salon@gmail.com\" onclick=\"recordOutboundLink(this, 'E-mail', 'Description mail');return false;\">keramoteka.salon@gmail.com<\/a> ali pa nas pokli\u010dite na: +386 31 255 900.<\/p>\n<p>Technical description: Full pallet orders only<\/p>\n","protected":false},"excerpt":{"rendered":"<p>Na spletu boste za to plo\u0161\u010dico od\u0161teli le 20,4 EUR, medtem ko v redni prodaji cena zna\u0161a 25,5 EUR. 8 mm debeline je dovolj tudi za zahtevnej\u0161e kupce. Plo\u0161\u010dica na sliki je velika 10&#215;30 cm. Pri izbiri plo\u0161\u010dice v beli barvi ne morete zgre\u0161iti. Blanco Brillo Liso 10&#215;30 je plo\u0161\u010dica proizvajalca e-Ceramica in prihaja iz [&hellip;]<\/p>\n","protected":false},"featured_media":106810,"template":"","meta":[],"product_cat":[210,99921414,200,999],"product_tag":[],"_links":{"self":[{"href":"https:\/\/www.keramika.com\/slovenija\/wp-json\/wp\/v2\/product\/106809"}],"collection":[{"href":"https:\/\/www.keramika.com\/slovenija\/wp-json\/wp\/v2\/product"}],"about":[{"href":"https:\/\/www.keramika.com\/slovenija\/wp-json\/wp\/v2\/types\/product"}],"wp:featuredmedia":[{"embeddable":true,"href":"https:\/\/www.keramika.com\/slovenija\/wp-json\/wp\/v2\/media\/106810"}],"wp:attachment":[{"href":"https:\/\/www.keramika.com\/slovenija\/wp-json\/wp\/v2\/media?parent=106809"}],"wp:term":[{"taxonomy":"product_cat","embeddable":true,"href":"https:\/\/www.keramika.com\/slovenija\/wp-json\/wp\/v2\/product_cat?post=106809"},{"taxonomy":"product_tag","embeddable":true,"href":"https:\/\/www.keramika.com\/slovenija\/wp-json\/wp\/v2\/product_tag?post=106809"}],"curies":[{"name":"wp","href":"https:\/\/api.w.org\/{rel}","templated":true}]}}