{"id":106799,"date":"2017-03-23T01:57:25","date_gmt":"2017-03-23T01:57:25","guid":{"rendered":"http:\/\/keramika.holest.com\/slovenija\/product\/blanco-mate-liso-10x20\/"},"modified":"2026-01-04T00:03:45","modified_gmt":"2026-01-04T00:03:45","slug":"blanco-mate-liso-10x20","status":"publish","type":"product","link":"https:\/\/www.keramika.com\/slovenija\/blanco-mate-liso-10x20\/","title":{"rendered":"Blanco Mate Liso 10&#215;20"},"content":{"rendered":"<p>Blanco Mate Liso 10&#215;20 je plo\u0161\u010dica proizvajalca e-Ceramica in prihaja iz \u0160panije. Pri izbiri plo\u0161\u010dice v beli barvi ne morete zgre\u0161iti. 8 mm je debelina, ki zadovolji tudi zahtevnej\u0161e kupce. Na spletu boste za to plo\u0161\u010dico od\u0161teli le 20,4 EUR, medtem ko v redni prodaji cena zna\u0161a 25,5 EUR. Dimenzije te plo\u0161\u010dice so 10&#215;20 cm.<\/p>\n<p>Kliknite na ime kolekcije za ogled vseh plo\u0161\u010dic iz te serije: <a class=\"pdfcatal\" href=\"\/\/www.ceramictiles.com\/pdf\/e-ceramica\/blancos_catalogue.pdf\" onclick=\"recordOutboundLink(this, 'E-mail', 'Description PDF');return false;\">e-Ceramica White ceramic tiles<\/a><\/p>\n<p>\u010ce \u017eelite naro\u010diti model iz pdf kataloga te kolekcije, nam pi\u0161ite na: <a href=\"mailto:keramoteka.salon@gmail.com\" onclick=\"recordOutboundLink(this, 'E-mail', 'Description mail');return false;\">keramoteka.salon@gmail.com<\/a> ali pa nas pokli\u010dite na: +386 31 255 900.<\/p>\n<p>Technical description: Full pallet orders only<\/p>\n","protected":false},"excerpt":{"rendered":"<p>Blanco Mate Liso 10&#215;20 je plo\u0161\u010dica proizvajalca e-Ceramica in prihaja iz \u0160panije. Pri izbiri plo\u0161\u010dice v beli barvi ne morete zgre\u0161iti. 8 mm je debelina, ki zadovolji tudi zahtevnej\u0161e kupce. Na spletu boste za to plo\u0161\u010dico od\u0161teli le 20,4 EUR, medtem ko v redni prodaji cena zna\u0161a 25,5 EUR. Dimenzije te plo\u0161\u010dice so 10&#215;20 cm. [&hellip;]<\/p>\n","protected":false},"featured_media":106800,"template":"","meta":[],"product_cat":[210,99921414,200,999],"product_tag":[],"_links":{"self":[{"href":"https:\/\/www.keramika.com\/slovenija\/wp-json\/wp\/v2\/product\/106799"}],"collection":[{"href":"https:\/\/www.keramika.com\/slovenija\/wp-json\/wp\/v2\/product"}],"about":[{"href":"https:\/\/www.keramika.com\/slovenija\/wp-json\/wp\/v2\/types\/product"}],"wp:featuredmedia":[{"embeddable":true,"href":"https:\/\/www.keramika.com\/slovenija\/wp-json\/wp\/v2\/media\/106800"}],"wp:attachment":[{"href":"https:\/\/www.keramika.com\/slovenija\/wp-json\/wp\/v2\/media?parent=106799"}],"wp:term":[{"taxonomy":"product_cat","embeddable":true,"href":"https:\/\/www.keramika.com\/slovenija\/wp-json\/wp\/v2\/product_cat?post=106799"},{"taxonomy":"product_tag","embeddable":true,"href":"https:\/\/www.keramika.com\/slovenija\/wp-json\/wp\/v2\/product_tag?post=106799"}],"curies":[{"name":"wp","href":"https:\/\/api.w.org\/{rel}","templated":true}]}}