{"id":106767,"date":"2017-03-23T01:55:21","date_gmt":"2017-03-23T01:55:21","guid":{"rendered":"http:\/\/keramika.holest.com\/slovenija\/product\/blanco-brillo-242x685\/"},"modified":"2026-01-04T00:03:42","modified_gmt":"2026-01-04T00:03:42","slug":"blanco-brillo-242x685","status":"publish","type":"product","link":"https:\/\/www.keramika.com\/slovenija\/blanco-brillo-242x685\/","title":{"rendered":"Blanco Brillo 24,2&#215;68,5"},"content":{"rendered":"<p>Blanco Brillo 24,2&#215;68,5 prihaja iz \u0160panije, ki je znana po zelo kvalitetni keramiki v svetovnem merilu. 8 mm debeline je dovolj tudi za zahtevnej\u0161e kupce. Velikost te plo\u0161\u010dice je 24,2&#215;68,5 cm. Ta model plo\u0161\u010dice se najbolje prodaja v beli barvi. Blanco Brillo 24,2&#215;68,5 je na voljo po zelo ugodni ceni 11,82 EUR.<\/p>\n<p>Kliknite na ime kolekcije za ogled vseh plo\u0161\u010dic iz te serije: <a class=\"pdfcatal\" href=\"\/\/www.ceramictiles.com\/pdf\/e-ceramica\/blancos_catalogue.pdf\" onclick=\"recordOutboundLink(this, 'E-mail', 'Description PDF');return false;\">e-Ceramica White ceramic tiles<\/a><\/p>\n<p>\u010ce \u017eelite naro\u010diti model iz pdf kataloga te kolekcije, nam pi\u0161ite na: <a href=\"mailto:keramoteka.salon@gmail.com\" onclick=\"recordOutboundLink(this, 'E-mail', 'Description mail');return false;\">keramoteka.salon@gmail.com<\/a> ali pa nas pokli\u010dite na: +386 31 255 900.<\/p>\n<p>Technical description: Full pallet orders only<\/p>\n","protected":false},"excerpt":{"rendered":"<p>Blanco Brillo 24,2&#215;68,5 prihaja iz \u0160panije, ki je znana po zelo kvalitetni keramiki v svetovnem merilu. 8 mm debeline je dovolj tudi za zahtevnej\u0161e kupce. Velikost te plo\u0161\u010dice je 24,2&#215;68,5 cm. Ta model plo\u0161\u010dice se najbolje prodaja v beli barvi. Blanco Brillo 24,2&#215;68,5 je na voljo po zelo ugodni ceni 11,82 EUR. Kliknite na ime [&hellip;]<\/p>\n","protected":false},"featured_media":106768,"template":"","meta":[],"product_cat":[210,99921414,200,999],"product_tag":[],"_links":{"self":[{"href":"https:\/\/www.keramika.com\/slovenija\/wp-json\/wp\/v2\/product\/106767"}],"collection":[{"href":"https:\/\/www.keramika.com\/slovenija\/wp-json\/wp\/v2\/product"}],"about":[{"href":"https:\/\/www.keramika.com\/slovenija\/wp-json\/wp\/v2\/types\/product"}],"wp:featuredmedia":[{"embeddable":true,"href":"https:\/\/www.keramika.com\/slovenija\/wp-json\/wp\/v2\/media\/106768"}],"wp:attachment":[{"href":"https:\/\/www.keramika.com\/slovenija\/wp-json\/wp\/v2\/media?parent=106767"}],"wp:term":[{"taxonomy":"product_cat","embeddable":true,"href":"https:\/\/www.keramika.com\/slovenija\/wp-json\/wp\/v2\/product_cat?post=106767"},{"taxonomy":"product_tag","embeddable":true,"href":"https:\/\/www.keramika.com\/slovenija\/wp-json\/wp\/v2\/product_tag?post=106767"}],"curies":[{"name":"wp","href":"https:\/\/api.w.org\/{rel}","templated":true}]}}