{"id":106765,"date":"2017-03-23T01:55:15","date_gmt":"2017-03-23T01:55:15","guid":{"rendered":"http:\/\/keramika.holest.com\/slovenija\/product\/blanco-mate-316x60\/"},"modified":"2026-01-04T00:03:42","modified_gmt":"2026-01-04T00:03:42","slug":"blanco-mate-316x60","status":"publish","type":"product","link":"https:\/\/www.keramika.com\/slovenija\/blanco-mate-316x60\/","title":{"rendered":"Blanco Mate 31,6&#215;60"},"content":{"rendered":"<p>Dimenzije te plo\u0161\u010dice so 31,6&#215;60 cm. 8 mm je debelina, ki zadovolji tudi zahtevnej\u0161e kupce. Blanco Mate 31,6&#215;60 je na voljo po zelo ugodni ceni 11,6 EUR. Blanco Mate 31,6&#215;60 je pripeljana iz \u0160panije in je zelo kvalitetna. Zelo moderna plo\u0161\u010dica v beli barvi popestri prav vsak prostor.<\/p>\n<p>Kliknite na ime kolekcije za ogled vseh plo\u0161\u010dic iz te serije: <a class=\"pdfcatal\" href=\"\/\/www.ceramictiles.com\/pdf\/e-ceramica\/blancos_catalogue.pdf\" onclick=\"recordOutboundLink(this, 'E-mail', 'Description PDF');return false;\">e-Ceramica White ceramic tiles<\/a><\/p>\n<p>\u010ce \u017eelite naro\u010diti model iz pdf kataloga te kolekcije, nam pi\u0161ite na: <a href=\"mailto:keramoteka.salon@gmail.com\" onclick=\"recordOutboundLink(this, 'E-mail', 'Description mail');return false;\">keramoteka.salon@gmail.com<\/a> ali pa nas pokli\u010dite na: +386 31 255 900.<\/p>\n<p>Technical description: Full pallet orders only<\/p>\n","protected":false},"excerpt":{"rendered":"<p>Dimenzije te plo\u0161\u010dice so 31,6&#215;60 cm. 8 mm je debelina, ki zadovolji tudi zahtevnej\u0161e kupce. Blanco Mate 31,6&#215;60 je na voljo po zelo ugodni ceni 11,6 EUR. Blanco Mate 31,6&#215;60 je pripeljana iz \u0160panije in je zelo kvalitetna. Zelo moderna plo\u0161\u010dica v beli barvi popestri prav vsak prostor. Kliknite na ime kolekcije za ogled vseh [&hellip;]<\/p>\n","protected":false},"featured_media":106766,"template":"","meta":[],"product_cat":[210,99921414,200,999],"product_tag":[],"_links":{"self":[{"href":"https:\/\/www.keramika.com\/slovenija\/wp-json\/wp\/v2\/product\/106765"}],"collection":[{"href":"https:\/\/www.keramika.com\/slovenija\/wp-json\/wp\/v2\/product"}],"about":[{"href":"https:\/\/www.keramika.com\/slovenija\/wp-json\/wp\/v2\/types\/product"}],"wp:featuredmedia":[{"embeddable":true,"href":"https:\/\/www.keramika.com\/slovenija\/wp-json\/wp\/v2\/media\/106766"}],"wp:attachment":[{"href":"https:\/\/www.keramika.com\/slovenija\/wp-json\/wp\/v2\/media?parent=106765"}],"wp:term":[{"taxonomy":"product_cat","embeddable":true,"href":"https:\/\/www.keramika.com\/slovenija\/wp-json\/wp\/v2\/product_cat?post=106765"},{"taxonomy":"product_tag","embeddable":true,"href":"https:\/\/www.keramika.com\/slovenija\/wp-json\/wp\/v2\/product_tag?post=106765"}],"curies":[{"name":"wp","href":"https:\/\/api.w.org\/{rel}","templated":true}]}}