{"id":106737,"date":"2017-03-23T01:54:05","date_gmt":"2017-03-23T01:54:05","guid":{"rendered":"http:\/\/keramika.holest.com\/slovenija\/product\/talne-ploscice-zafra-teja\/"},"modified":"2026-01-04T00:03:39","modified_gmt":"2026-01-04T00:03:39","slug":"talne-ploscice-zafra-teja","status":"publish","type":"product","link":"https:\/\/www.keramika.com\/slovenija\/talne-ploscice-zafra-teja\/","title":{"rendered":"Talne plo\u0161\u010dice Zafra Teja"},"content":{"rendered":"<p>Zafra Teja prihaja iz \u0160panije, ki je znana po zelo kvalitetni keramiki v svetovnem merilu. Plo\u0161\u010dica je debela kar 9 mm, kar jo uvr\u0161\u010da med bolj trde plo\u0161\u010dice. Na spletu boste za to plo\u0161\u010dico od\u0161teli le 9,34 EUR, medtem ko v redni prodaji cena zna\u0161a 11,68 EUR. Z velikostjo 34&#215;34 cm je ta plo\u0161\u010dica primerna ze razli\u010dne povr\u0161ine. Letos so plo\u0161\u010dice v rde\u010di barvi zelo za\u017eeljene.<\/p>\n<p>Kliknite na ime kolekcije za ogled vseh plo\u0161\u010dic iz te serije: <a class=\"pdfcatal\" href=\"\/\/www.ceramictiles.com\/pdf\/e-ceramica\/ceramic_tiles_catalogue.pdf\" onclick=\"recordOutboundLink(this, 'E-mail', 'Description PDF');return false;\">e-Ceramica Zafra<\/a><\/p>\n<p>\u010ce \u017eelite naro\u010diti model iz pdf kataloga te kolekcije, nam pi\u0161ite na: <a href=\"mailto:keramoteka.salon@gmail.com\" onclick=\"recordOutboundLink(this, 'E-mail', 'Description mail');return false;\">keramoteka.salon@gmail.com<\/a> ali pa nas pokli\u010dite na: +386 31 255 900.<\/p>\n<p>Technical description: Full pallet orders only<\/p>\n","protected":false},"excerpt":{"rendered":"<p>Zafra Teja prihaja iz \u0160panije, ki je znana po zelo kvalitetni keramiki v svetovnem merilu. Plo\u0161\u010dica je debela kar 9 mm, kar jo uvr\u0161\u010da med bolj trde plo\u0161\u010dice. Na spletu boste za to plo\u0161\u010dico od\u0161teli le 9,34 EUR, medtem ko v redni prodaji cena zna\u0161a 11,68 EUR. Z velikostjo 34&#215;34 cm je ta plo\u0161\u010dica primerna [&hellip;]<\/p>\n","protected":false},"featured_media":106738,"template":"","meta":[],"product_cat":[210,99921414,200,999],"product_tag":[],"_links":{"self":[{"href":"https:\/\/www.keramika.com\/slovenija\/wp-json\/wp\/v2\/product\/106737"}],"collection":[{"href":"https:\/\/www.keramika.com\/slovenija\/wp-json\/wp\/v2\/product"}],"about":[{"href":"https:\/\/www.keramika.com\/slovenija\/wp-json\/wp\/v2\/types\/product"}],"wp:featuredmedia":[{"embeddable":true,"href":"https:\/\/www.keramika.com\/slovenija\/wp-json\/wp\/v2\/media\/106738"}],"wp:attachment":[{"href":"https:\/\/www.keramika.com\/slovenija\/wp-json\/wp\/v2\/media?parent=106737"}],"wp:term":[{"taxonomy":"product_cat","embeddable":true,"href":"https:\/\/www.keramika.com\/slovenija\/wp-json\/wp\/v2\/product_cat?post=106737"},{"taxonomy":"product_tag","embeddable":true,"href":"https:\/\/www.keramika.com\/slovenija\/wp-json\/wp\/v2\/product_tag?post=106737"}],"curies":[{"name":"wp","href":"https:\/\/api.w.org\/{rel}","templated":true}]}}