{"id":106731,"date":"2017-03-23T01:53:50","date_gmt":"2017-03-23T01:53:50","guid":{"rendered":"http:\/\/keramika.holest.com\/slovenija\/product\/talne-ploscice-vulcano-magma\/"},"modified":"2026-01-04T00:03:39","modified_gmt":"2026-01-04T00:03:39","slug":"talne-ploscice-vulcano-magma","status":"publish","type":"product","link":"https:\/\/www.keramika.com\/slovenija\/talne-ploscice-vulcano-magma\/","title":{"rendered":"Talne plo\u0161\u010dice Vulcano Magma"},"content":{"rendered":"<p>9 mm debeline je dovolj tudi za zahtevnej\u0161e kupce. Pri izbiri plo\u0161\u010dice v srebrni barvi ne morete zgre\u0161iti. Vulcano Magma je plo\u0161\u010dica proizvajalca e-Ceramica in prihaja iz \u0160panije. Velikost te plo\u0161\u010dice je 34&#215;34 cm. Vulcano Magma je na voljo po zelo ugodni ceni 9,34 EUR.<\/p>\n<p>Kliknite na ime kolekcije za ogled vseh plo\u0161\u010dic iz te serije: <a class=\"pdfcatal\" href=\"\/\/www.ceramictiles.com\/pdf\/e-ceramica\/ceramic_tiles_catalogue.pdf\" onclick=\"recordOutboundLink(this, 'E-mail', 'Description PDF');return false;\">e-Ceramica Vulcano<\/a><\/p>\n<p>\u010ce \u017eelite naro\u010diti model iz pdf kataloga te kolekcije, nam pi\u0161ite na: <a href=\"mailto:keramoteka.salon@gmail.com\" onclick=\"recordOutboundLink(this, 'E-mail', 'Description mail');return false;\">keramoteka.salon@gmail.com<\/a> ali pa nas pokli\u010dite na: +386 31 255 900.<\/p>\n<p>Technical description: Full pallet orders only<\/p>\n","protected":false},"excerpt":{"rendered":"<p>9 mm debeline je dovolj tudi za zahtevnej\u0161e kupce. Pri izbiri plo\u0161\u010dice v srebrni barvi ne morete zgre\u0161iti. Vulcano Magma je plo\u0161\u010dica proizvajalca e-Ceramica in prihaja iz \u0160panije. Velikost te plo\u0161\u010dice je 34&#215;34 cm. Vulcano Magma je na voljo po zelo ugodni ceni 9,34 EUR. Kliknite na ime kolekcije za ogled vseh plo\u0161\u010dic iz te [&hellip;]<\/p>\n","protected":false},"featured_media":106732,"template":"","meta":[],"product_cat":[210,99921414,200,999],"product_tag":[],"_links":{"self":[{"href":"https:\/\/www.keramika.com\/slovenija\/wp-json\/wp\/v2\/product\/106731"}],"collection":[{"href":"https:\/\/www.keramika.com\/slovenija\/wp-json\/wp\/v2\/product"}],"about":[{"href":"https:\/\/www.keramika.com\/slovenija\/wp-json\/wp\/v2\/types\/product"}],"wp:featuredmedia":[{"embeddable":true,"href":"https:\/\/www.keramika.com\/slovenija\/wp-json\/wp\/v2\/media\/106732"}],"wp:attachment":[{"href":"https:\/\/www.keramika.com\/slovenija\/wp-json\/wp\/v2\/media?parent=106731"}],"wp:term":[{"taxonomy":"product_cat","embeddable":true,"href":"https:\/\/www.keramika.com\/slovenija\/wp-json\/wp\/v2\/product_cat?post=106731"},{"taxonomy":"product_tag","embeddable":true,"href":"https:\/\/www.keramika.com\/slovenija\/wp-json\/wp\/v2\/product_tag?post=106731"}],"curies":[{"name":"wp","href":"https:\/\/api.w.org\/{rel}","templated":true}]}}