{"id":106693,"date":"2017-03-23T01:52:16","date_gmt":"2017-03-23T01:52:16","guid":{"rendered":"http:\/\/keramika.holest.com\/slovenija\/product\/ploscice-imitacija-kamna-silver-shadow-grey\/"},"modified":"2026-01-04T00:03:34","modified_gmt":"2026-01-04T00:03:34","slug":"ploscice-imitacija-kamna-silver-shadow-grey","status":"publish","type":"product","link":"https:\/\/www.keramika.com\/slovenija\/ploscice-imitacija-kamna-silver-shadow-grey\/","title":{"rendered":"Plo\u0161\u010dice imitacija kamna Silver Shadow Grey"},"content":{"rendered":"<p>Ta plo\u0161\u010dica prihaja iz \u0160panije, ki je znana po kvalitetni keramiki. Ta plo\u0161\u010dica je debela 9 mm in je zelo trpe\u017ena. 11,22 EUR v klasi\u010dni trgovini, pri nas pa le 8,98 EUR. Letos so plo\u0161\u010dice v sivi barvi zelo za\u017eeljene. Velikost te plo\u0161\u010dice je 45&#215;45 cm.<\/p>\n<p>Kliknite na ime kolekcije za ogled vseh plo\u0161\u010dic iz te serije: <a class=\"pdfcatal\" href=\"\/\/www.ceramictiles.com\/pdf\/e-ceramica\/ceramic_tiles_catalogue.pdf\" onclick=\"recordOutboundLink(this, 'E-mail', 'Description PDF');return false;\">e-Ceramica Silver Shadow<\/a><\/p>\n<p>\u010ce \u017eelite naro\u010diti model iz pdf kataloga te kolekcije, nam pi\u0161ite na: <a href=\"mailto:keramoteka.salon@gmail.com\" onclick=\"recordOutboundLink(this, 'E-mail', 'Description mail');return false;\">keramoteka.salon@gmail.com<\/a> ali pa nas pokli\u010dite na: +386 31 255 900.<\/p>\n<p>Technical description: Full pallet orders only<\/p>\n","protected":false},"excerpt":{"rendered":"<p>Ta plo\u0161\u010dica prihaja iz \u0160panije, ki je znana po kvalitetni keramiki. Ta plo\u0161\u010dica je debela 9 mm in je zelo trpe\u017ena. 11,22 EUR v klasi\u010dni trgovini, pri nas pa le 8,98 EUR. Letos so plo\u0161\u010dice v sivi barvi zelo za\u017eeljene. Velikost te plo\u0161\u010dice je 45&#215;45 cm. Kliknite na ime kolekcije za ogled vseh plo\u0161\u010dic iz [&hellip;]<\/p>\n","protected":false},"featured_media":106694,"template":"","meta":[],"product_cat":[210,99921414,200,999],"product_tag":[99921975],"_links":{"self":[{"href":"https:\/\/www.keramika.com\/slovenija\/wp-json\/wp\/v2\/product\/106693"}],"collection":[{"href":"https:\/\/www.keramika.com\/slovenija\/wp-json\/wp\/v2\/product"}],"about":[{"href":"https:\/\/www.keramika.com\/slovenija\/wp-json\/wp\/v2\/types\/product"}],"wp:featuredmedia":[{"embeddable":true,"href":"https:\/\/www.keramika.com\/slovenija\/wp-json\/wp\/v2\/media\/106694"}],"wp:attachment":[{"href":"https:\/\/www.keramika.com\/slovenija\/wp-json\/wp\/v2\/media?parent=106693"}],"wp:term":[{"taxonomy":"product_cat","embeddable":true,"href":"https:\/\/www.keramika.com\/slovenija\/wp-json\/wp\/v2\/product_cat?post=106693"},{"taxonomy":"product_tag","embeddable":true,"href":"https:\/\/www.keramika.com\/slovenija\/wp-json\/wp\/v2\/product_tag?post=106693"}],"curies":[{"name":"wp","href":"https:\/\/api.w.org\/{rel}","templated":true}]}}