{"id":106691,"date":"2017-03-23T01:52:09","date_gmt":"2017-03-23T01:52:09","guid":{"rendered":"http:\/\/keramika.holest.com\/slovenija\/product\/ploscice-imitacija-kamna-santorini-crema\/"},"modified":"2026-01-04T00:03:34","modified_gmt":"2026-01-04T00:03:34","slug":"ploscice-imitacija-kamna-santorini-crema","status":"publish","type":"product","link":"https:\/\/www.keramika.com\/slovenija\/ploscice-imitacija-kamna-santorini-crema\/","title":{"rendered":"Plo\u0161\u010dice imitacija kamna Santorini Crema"},"content":{"rendered":"<p>Ta kerami\u010dna plo\u0161\u010dica v \u010dudoviti be\u017e barvi bo obogatila vsak prostor. Namesto 18,28 EUR kot bi za to plo\u0161\u010dico od\u0161teli v klasi\u010dni trgovini, boste v na\u0161i spletni prodajalni od\u0161teli le 14,62 EUR. 9 mm debeline je dovolj tudi za zahtevnej\u0161e kupce. Z 60&#215;60 cm je ta plo\u0161\u010dica primerna za razli\u010dne podlage. Santorini Crema je pripeljana iz \u0160panije in je zelo kvalitetna.<\/p>\n<p>Kliknite na ime kolekcije za ogled vseh plo\u0161\u010dic iz te serije: <a class=\"pdfcatal\" href=\"\/\/www.ceramictiles.com\/pdf\/e-ceramica\/ceramic_tiles_catalogue.pdf\" onclick=\"recordOutboundLink(this, 'E-mail', 'Description PDF');return false;\">e-Ceramica Santorini<\/a><\/p>\n<p>\u010ce \u017eelite naro\u010diti model iz pdf kataloga te kolekcije, nam pi\u0161ite na: <a href=\"mailto:keramoteka.salon@gmail.com\" onclick=\"recordOutboundLink(this, 'E-mail', 'Description mail');return false;\">keramoteka.salon@gmail.com<\/a> ali pa nas pokli\u010dite na: +386 31 255 900.<\/p>\n<p>Technical description: 60,5&#215;60,5<\/p>\n<p>Full pallet orders only<\/p>\n","protected":false},"excerpt":{"rendered":"<p>Ta kerami\u010dna plo\u0161\u010dica v \u010dudoviti be\u017e barvi bo obogatila vsak prostor. Namesto 18,28 EUR kot bi za to plo\u0161\u010dico od\u0161teli v klasi\u010dni trgovini, boste v na\u0161i spletni prodajalni od\u0161teli le 14,62 EUR. 9 mm debeline je dovolj tudi za zahtevnej\u0161e kupce. Z 60&#215;60 cm je ta plo\u0161\u010dica primerna za razli\u010dne podlage. Santorini Crema je pripeljana [&hellip;]<\/p>\n","protected":false},"featured_media":106692,"template":"","meta":[],"product_cat":[210,99921414,200,999],"product_tag":[99921975],"_links":{"self":[{"href":"https:\/\/www.keramika.com\/slovenija\/wp-json\/wp\/v2\/product\/106691"}],"collection":[{"href":"https:\/\/www.keramika.com\/slovenija\/wp-json\/wp\/v2\/product"}],"about":[{"href":"https:\/\/www.keramika.com\/slovenija\/wp-json\/wp\/v2\/types\/product"}],"wp:featuredmedia":[{"embeddable":true,"href":"https:\/\/www.keramika.com\/slovenija\/wp-json\/wp\/v2\/media\/106692"}],"wp:attachment":[{"href":"https:\/\/www.keramika.com\/slovenija\/wp-json\/wp\/v2\/media?parent=106691"}],"wp:term":[{"taxonomy":"product_cat","embeddable":true,"href":"https:\/\/www.keramika.com\/slovenija\/wp-json\/wp\/v2\/product_cat?post=106691"},{"taxonomy":"product_tag","embeddable":true,"href":"https:\/\/www.keramika.com\/slovenija\/wp-json\/wp\/v2\/product_tag?post=106691"}],"curies":[{"name":"wp","href":"https:\/\/api.w.org\/{rel}","templated":true}]}}